{"id":930,"date":"2019-06-14T09:47:36","date_gmt":"2019-06-14T07:47:36","guid":{"rendered":"https:\/\/espalet.devecomputer.com\/fr\/?page_id=930"},"modified":"2019-06-20T13:48:34","modified_gmt":"2019-06-20T11:48:34","slug":"avis-legal","status":"publish","type":"page","link":"https:\/\/espalet.devecomputer.com\/fr\/avis-legal\/","title":{"rendered":"Avis juridique"},"content":{"rendered":"<h2>IMPORTANT: SUR L\u2019INFORMATION PUBLIEE<\/h2>\n<p>Les tron\u00e7ons de route que coordonne le GECT Espace Pourtalet sont de haute montagne donc les conditions m\u00e9t\u00e9orologiques peuvent changer tr\u00e8s rapidement. Les donn\u00e9es qui sont prises en compte dans le web, reproduisent une analyse g\u00e9n\u00e9rique des sections de route qu&rsquo;il g\u00e8re, elle doivent donc \u00eatre consid\u00e9r\u00e9es comme approximatives.<\/p>\n<p>Le GECT, en collaboration avec le Gouvernement de l&rsquo;Aragon et le Conseil g\u00e9n\u00e9ral des Pyr\u00e9n\u00e9es Atlantiques, font les efforts n\u00e9cessaires pour \u00e9viter les erreurs et, dans le cas de se produire, de les \u00a0r\u00e9parer ou de mise \u00e0 jour d\u00e8s que possible et ne pouvant pas garantir leur inexistence, ni que l&rsquo;ensemble du contenu de l&rsquo;information fournie soit continuellement mis \u00e0 jour.<\/p>\n<p>L&rsquo;acc\u00e8s au Portail, ainsi que de l&rsquo;utilisation qui pourrait \u00eatre faite des informations qu&rsquo;il contient, sont de la seule responsabilit\u00e9 de l&rsquo;utilisateur. Le GECT Espace Pourtalet ne sera \u00a0responsable d&rsquo;aucune cons\u00e9quence, dommage ou pr\u00e9judice qui pourrait d\u00e9couler de cet acc\u00e8s ou de l&rsquo;utilisation de l&rsquo;information, \u00e0 l&rsquo;exception de toutes les actions r\u00e9sultant de l&rsquo;application des dispositions l\u00e9gales auxquelles elle est soumise dans le strict exercice de ses pouvoirs.<\/p>\n<p>&nbsp;<\/p>\n<p>\u00c0 tout moment et sans pr\u00e9avis, le GECT Espace Pourtalet peut faire des mises \u00e0 jour et des modifications aux informations figurant sur son site web ou de la configuration ou la pr\u00e9sentation de celui-ci.<\/p>\n<p>Liens vers des sites web de sites web de tiers (\u00ab\u00a0liens\u00a0\u00bb) inclus dans le web, dont la plupart correspondent \u00e0 des sites sur Internet qui ont \u00e9t\u00e9 consid\u00e9r\u00e9es comme d&rsquo;int\u00e9r\u00eat pour les utilisateurs. Concernant les liens avec les entreprises qui ont \u00e9t\u00e9 jug\u00e9 int\u00e9ressant de compl\u00e9ter les informations fournies, le GECT Espacio Portalet n&rsquo;assume aucune responsabilit\u00e9 relativement \u00e0 leur contenu ou de connexion.<\/p>\n<p>Les droits de propri\u00e9t\u00e9 intellectuelle de ce portail Internet, de sa conception graphique et des codes contenus, sont d\u00e9tenus par le GECT Espace Pourtalet,sauf indication diff\u00e9rente. La reproduction, la distribution, la commercialisation ou \u00e0 la transformation de ces \u0153uvres, sauf pour un usage personnel et priv\u00e9, constitue une violation des droits de propri\u00e9t\u00e9 intellectuelle du GECT Espace Pourtalet ou de son propri\u00e9taire. Tous les signes et les signes distinctifs de toute nature contenues dans le portail sont prot\u00e9g\u00e9s par la Loi.<\/p>\n<p>L&#8217;emplacement non autoris\u00e9 de l&rsquo;information contenue dans ce site web, ainsi que les dommages caus\u00e9s \u00e0 des droits de propri\u00e9t\u00e9 intellectuelle et industrielle du GECT Espace Pourtalet, peuvent donner lieu \u00e0 l&rsquo;exercice du droit en actions, et le cas \u00e9ch\u00e9ant, aux responsabilit\u00e9s d\u00e9riv\u00e9es de cet exercice.<\/p>\n<p>Dans cet espace, l&rsquo;UTILISATEUR sera en mesure de trouver toutes les informations relatives aux mentions \u00a0et conditions l\u00e9gales qui d\u00e9finissent les relations entre les utilisateurs et nous en tant que responsable de ce site web. En tant qu&rsquo;utilisateur, il est important que vous sachiez ces termes avant de poursuivre votre navigation.<\/p>\n<p>Le GECT Espace Pourtalet. En tant que responsable de ce site web assume l&rsquo;engagement de traiter les informations de nos utilisateurs et clients avec toutes les garanties et remplir les exigences \u00e0 niveau national et europ\u00e9en qui r\u00e9gissent la collecte et l&rsquo;utilisation des donn\u00e9es personnelles de nos utilisateurs.<\/p>\n<p>Ce site se conforme rigoureusement \u00e0 la RGPD (R\u00c8GLEMENT (UE) 2016\/679 sur la protection des donn\u00e9es et de la LSSI-CE la Loi 34\/2002, du 11 juillet, services soci\u00e9t\u00e9 de l&rsquo;information et du commerce \u00e9lectronique.<\/p>\n<p>CONDITIONS G\u00c9N\u00c9RALES D&rsquo;UTILISATION<\/p>\n<p>Les pr\u00e9sentes Conditions G\u00e9n\u00e9rales r\u00e9gissent l&rsquo;utilisation (y compris le simple acc\u00e8s aux pages du site), membres du site web espalet.devecomputer.com y compris le contenu et les services mis \u00e0 leur disposition. Toute personne qui acc\u00e8de au site web, espalet.devecomputer.com (\u201cUtilisateur\u201d) accepte les Conditions G\u00e9n\u00e9rales en vigueur du portail espalet.devecomputer.com.<\/p>\n<p>LES RENSEIGNEMENTS PERSONNELS QUE NOUS RECUEILLONS ET COMMENT NOUS LE FAISONS<\/p>\n<p>Lire La Politique De Confidentialit\u00e9<\/p>\n<p>LES ENGAGEMENTS ET LES OBLIGATIONS DES UTILISATEURS<\/p>\n<p>L&rsquo;Utilisateur est inform\u00e9 et accepte que l&rsquo;acc\u00e8s \u00e0 ce site ne soit pas, en quelque sorte, le d\u00e9but d&rsquo;une relation d&rsquo;affaires avec espalet.devecomputer.com. De cette fa\u00e7on, l&rsquo;utilisateur s&rsquo;engage \u00e0 utiliser le Site web, ses services et contenus sans enfreindre la l\u00e9gislation en vigueur, la bonne foi et l&rsquo;ordre public.. Il est interdit d&rsquo;utiliser le site \u00e0 des fins illicites ou nuisibles, ou qui en aucune fa\u00e7on, pourrait causer un pr\u00e9judice ou emp\u00eacher le fonctionnement normal du site. En ce qui concerne le contenu de ce site, IL est interdit \u00a0toute reproduction, distribution ou modification, en tout ou en partie, sauf sous autorisation de leurs propri\u00e9taires l\u00e9gitimes. Toute violation des droits du fournisseur ou des propri\u00e9taires l\u00e9gitimes\u00a0: son utilisation \u00e0 des fins commerciales ou de publicit\u00e9<\/p>\n<p>&nbsp;<\/p>\n<p>&nbsp;<\/p>\n<p>Pour l&rsquo;utilisation du web, espalet.devecomputer.com l&rsquo;Utilisateur s&rsquo;engage \u00e0 ne pas effectuer tout comportement qui pourrait nuire \u00e0 l&rsquo;image, les int\u00e9r\u00eats et les droits de espalet.devecomputer.com ou \u00e0 des tiers ou qui pourraient endommager, rendre inutilisable ou surcharger le portail internet (pr\u00e9ciser le domaine), ou d&rsquo;entraver, de quelque mani\u00e8re, \u00e0 l&rsquo;utilisation normale du web<\/p>\n<p>Toutefois, l&rsquo;Utilisateur doit \u00eatre conscient que les mesures de s\u00e9curit\u00e9 des syst\u00e8mes informatiques de l&rsquo;Internet ne sont pas enti\u00e8rement digne de confiance et que, par cons\u00e9quent, espalet.devecomputer.com ne peut pas garantir l&rsquo;absence de virus ou d&rsquo;autres \u00e9l\u00e9ments qui peuvent causer des alt\u00e9rations dans les syst\u00e8mes informatiques (software et hardware) ou de documents \u00e9lectroniques et les fichiers contenus dans les m\u00eames.<\/p>\n<p>MESURES DE S\u00c9CURIT\u00c9<\/p>\n<p>Les donn\u00e9es personnelles communiqu\u00e9es par l&rsquo;utilisateur \u00e0 espalet.devecomputer.com peuvent \u00eatre stock\u00e9es dans des bases de donn\u00e9es automatis\u00e9es ou non, dont la propri\u00e9t\u00e9 correspond exclusivement \u00e0 espalet.devecomputer.com en supposant que cet ensemble de mesures techniques, d&rsquo;organisation et de s\u00e9curit\u00e9 pour assurer la confidentialit\u00e9, l&rsquo;int\u00e9grit\u00e9 et la qualit\u00e9 des informations contenues dans le m\u00eame conform\u00e9ment aux dispositions de la l\u00e9gislation actuelle sur la protection des donn\u00e9es.<\/p>\n<p>La communication entre les utilisateurs et espalet.devecomputer.com utilise un canal s\u00e9curis\u00e9, et les donn\u00e9es transmises sont crypt\u00e9es gr\u00e2ce au protocole https, par cons\u00e9quent, nous garantissons les meilleures conditions de s\u00e9curit\u00e9, de sorte que la vie priv\u00e9e des utilisateurs soit garantie.<\/p>\n<p>&nbsp;<\/p>\n<p>&nbsp;<\/p>\n<p>R\u00c9CLAMATIONS<\/p>\n<p>espalet.devecomputer.com informe qu&rsquo;il y a des formulaires de plainte \u00e0 \u00a0disposition des utilisateurs et des clients.<\/p>\n<p>L&rsquo;Utilisateur peut faire des revendications en demandant le formulaire de plainte \u00a0ou en envoyant un e-mail \u00e0 info@espalet.eu en indiquant votre nom et pr\u00e9nom, le service et\/ou produit achet\u00e9 et en en pr\u00e9cisant les motifs de votre r\u00e9clamation.<\/p>\n<p>L&rsquo;utilisateur\/l&rsquo;acheteur pourra nous informer de la demande, soit par e-mail \u00e0: info@espalet.eu si il le d\u00e9sire en joignant \u00a0la demande de la forme:<\/p>\n<p>Le service\/ le produit:<br \/>\nAcquis le jour:<br \/>\nNom de l\u2019utilisateur:<br \/>\nDomicile de l\u2019utilisateur:<br \/>\nSignature de l\u2019utilisateur (seulement sous pr\u00e9sentation en papier):<br \/>\nDate:<br \/>\nMotif de la r\u00e9clamation:<\/p>\n<p>&nbsp;<\/p>\n<p>PLATE-FORME DE R\u00c9SOLUTION DE CONFLITS<\/p>\n<p>Pouvant \u00eatre de votre int\u00e9r\u00eat, pour soumettre vos demandes de r\u00e8glement vous pouvez \u00e9galement utiliser la plate-forme de r\u00e8glement des diff\u00e9rents que facilite la Commission Europ\u00e9enne et disponible sur le lien suivant: http:\/\/ec.europa.eu\/consumers\/odr\/<\/p>\n<p>&nbsp;<\/p>\n<p>DROITS DE PROPRI\u00c9T\u00c9 INTELLECTUELLE ET INDUSTRIELLE<\/p>\n<p>En vertu des dispositions des articles 8 et 32.1, deuxi\u00e8me alin\u00e9a, de la Loi de la Propri\u00e9t\u00e9 Intellectuelle sont express\u00e9ment interdit la reproduction, la distribution et la communication publique, y compris sa modalit\u00e9 de mise disposition, de tout ou partie du contenu de ce site web, \u00e0 des fins commerciales, sur tout support et par tout moyen technique, sans l&rsquo;autorisation de espalet.devecomputer.com. L&rsquo;utilisateur s&rsquo;engage \u00e0 respecter les droits de Propri\u00e9t\u00e9 Intellectuelle et Industrielle de espalet.devecomputer.com.<\/p>\n<p>L&rsquo;utilisateur reconna\u00eet et accepte que l&rsquo;ensemble du site, contenant, mais pas limit\u00e9 au texte, des logiciels, des contenus (y compris la structure, la s\u00e9lection, l&rsquo;arrangement et la pr\u00e9sentation des m\u00eames) podcast, photographies, documents audiovisuels et graphiques, est prot\u00e9g\u00e9 par les marques de commerce, droits d&rsquo;auteur et autres droits l\u00e9gitimes, en conformit\u00e9 avec les trait\u00e9s internationaux auxquels l&rsquo;Espagne est partie, et d&rsquo;autres droits de propri\u00e9t\u00e9 et lois de l&rsquo;Espagne.<\/p>\n<p>Dans le cas o\u00f9 un utilisateur ou un tiers consid\u00e8re qu&rsquo;il y a eu une violation de leurs droits l\u00e9gitimes de propri\u00e9t\u00e9 intellectuelle par l&rsquo;introduction d&rsquo;un contenu sur le web, vous devez notifier de telles circonstances espalet.devecomputer.com indiquant:.<\/p>\n<p>\u2022Les donn\u00e9es personnelles de l&rsquo;int\u00e9ress\u00e9 titulaire du droit pr\u00e9tendument viol\u00e9, ou pour indiquer la repr\u00e9sentation qui agit dans le cas de la demande \u00a0la pr\u00e9sente un tiers.<\/p>\n<p>\u2022Indiquer le contenu prot\u00e9g\u00e9 par les droits de propri\u00e9t\u00e9 intellectuelle et de son emplacement sur le web, l&rsquo;accr\u00e9ditation des droits de propri\u00e9t\u00e9 intellectuelle identifi\u00e9s et \u00a0d\u00e9claration par laquelle l&rsquo;int\u00e9ress\u00e9 est responsable de la v\u00e9racit\u00e9 des informations fournies dans la notification<\/p>\n<p>LIENS EXTERNES<\/p>\n<p>Les pages du site espalet.devecomputer.com, peuvent fournir des liens vers d&rsquo;autres sites web d\u2019 eux-m\u00eames, et le contenu sont la propri\u00e9t\u00e9 de tierces parties. Le seul but de liens est de fournir \u00e0 l&rsquo;Utilisateur la possibilit\u00e9 d&rsquo;acc\u00e9der aux dits liens.<\/p>\n<p>. espalet.devecomputer.com ne se responsabilise en aucune fa\u00e7on des r\u00e9sultats qui pourraient en d\u00e9couler pour l&rsquo;Utilisateur en acc\u00e9dant \u00e0 ces liens. Aussi, l&rsquo;utilisateur trouvera dans ce site, les pages, les promotions, les programmes d&rsquo;affiliation qui acc\u00e8dent aux habitudes de navigation des utilisateurs pour \u00e9tablir les profils. Cette information est toujours anonyme et ne permet pas d&rsquo;identifier l&rsquo;utilisateur.<\/p>\n<p>L\u2019information fournies sur ces Sites sponsoris\u00e9s ou liens d&rsquo;affiliation est soumis aux politiques de confidentialit\u00e9 utilis\u00e9es par ces Sites et n&rsquo;est pas soumise \u00e0 la pr\u00e9sente politique de confidentialit\u00e9. Donc nous vous recommandons vivement aux Utilisateurs d&rsquo;examiner attentivement les politiques de confidentialit\u00e9 des liens d&rsquo;affiliation .L&rsquo;Utilisateur qui a l&rsquo;intention d&rsquo;\u00e9tablir tout dispositif technique de lien depuis leur site web au portail XXWEBXX doit obtenir le consentement \u00e9crit pr\u00e9alable de espalet.devecomputer.com la cr\u00e9ation d&rsquo;un lien n&rsquo;implique en aucun cas l&rsquo;existence de relations entre espalet.devecomputer.com et le propri\u00e9taire du site sur lequel le lien est \u00e9tabli, ni l&rsquo;acceptation ou l\u2019approbation de la part\u00a0de espalet.devecomputer.com de ses contenus et services.<\/p>\n<p>POLITIQUE DE COMMENTAIRE<\/p>\n<p>Sur notre site il est permis de faire des commentaires pour enrichir le contenu et effectuer des requ\u00eates. Ne sont pas autoris\u00e9s les commentaires qui ne sont pas li\u00e9es \u00e0 la rubrique de ce site web, y compris la diffamation, \u00a0les insultes, les attaques personnelles, ou le manque de respect en g\u00e9n\u00e9ral \u00e0 l&rsquo;\u00e9gard de l&rsquo;auteur ou \u00e0 l&rsquo;\u00e9gard d&rsquo;autres membres.<\/p>\n<p>Seront \u00e9galement supprim\u00e9s les commentaires qui contiennent des informations manifestement fausses ou trompeuses, ainsi que les commentaires qui contiennent des informations personnelles, telles que, par exemple, l&rsquo;adresse du domicile ou le t\u00e9l\u00e9phone priv\u00e9, et \u00a0violant notre politique de protection des donn\u00e9es.<\/p>\n<p>Il sera rejet\u00e9, \u00e9galement, les commentaires \u00a0cr\u00e9\u00e9s uniquement pour des fins de promotion d&rsquo;un site web, d\u2019 une personne ou d\u2019un groupe, et tout ce qui pourrait \u00eatre consid\u00e9r\u00e9 comme un spam en g\u00e9n\u00e9ral. Ne pas autoriser les commentaires anonymes, ainsi que ceux r\u00e9alis\u00e9s par la m\u00eame personne avec des pseudos diff\u00e9rents. Pas \u00eatre consid\u00e9r\u00e9s comme aussi ceux qui tentent de forcer un d\u00e9bat ou d&rsquo;une position pour un autre utilisateur.<\/p>\n<p>EXCLUSION DE GARANTIES ET DE RESPONSABILIT\u00c9<\/p>\n<p>Le Pr\u00eateur n&rsquo;accorde aucune garantie ni n&rsquo;est responsable, en tout cas, des dommages et pr\u00e9judices de toute nature qui peuvent r\u00e9sulter de:<\/p>\n<ul>\n<li>Le manque de disponibilit\u00e9, la maintenance et le bon fonctionnement du site web ou de ses services et contenus<\/li>\n<li>Le manque de l\u00e9galit\u00e9, de qualit\u00e9, de fiabilit\u00e9, d\u2019&rsquo;utilit\u00e9 et de disponibilit\u00e9 des services fournis par des tiers et mis \u00e0 la disposition des utilisateurs sur le site web<\/li>\n<li>Le fournisseur n&rsquo;est \u00a0responsable en aucune circonstance pour tout dommage pouvant r\u00e9sulter de l&rsquo;utilisation inappropri\u00e9e ou ill\u00e9gale de ce site web.<\/li>\n<\/ul>\n<p>LE DROIT APPLICABLE ET LA COMP\u00c9TENCE<\/p>\n<p>En g\u00e9n\u00e9ral, les relations entre espalet.devecomputer.com avec les Utilisateurs de ses services t\u00e9l\u00e9matiques, pr\u00e9sents sur ce site sont soumis \u00e0 la l\u00e9gislation et la juridiction espagnoles et les tribunaux.<\/p>\n<p>DANS le cas o\u00f9 un Utilisateur a des questions au sujet de ces termes et Conditions ou de tout commentaire sur le portail espalet.devecomputer.com s&rsquo;il vous pla\u00eet aller \u00e0 info@espalet.eu<\/p>\n<p>De la part de l&rsquo;\u00e9quipe que nous avons form\u00e9e GECT Espace Pourtalet, nous vous remercions pour le temps pass\u00e9 \u00e0 lire le pr\u00e9sent Avis Juridique<\/p>\n","protected":false},"excerpt":{"rendered":"<p>IMPORTANT: SUR L\u2019INFORMATION PUBLIEE Les tron\u00e7ons de route que coordonne le GECT Espace Pourtalet sont de haute montagne donc les conditions m\u00e9t\u00e9orologiques peuvent changer tr\u00e8s rapidement. Les donn\u00e9es qui sont prises en compte dans le web, reproduisent une analyse g\u00e9n\u00e9rique des sections de route qu&rsquo;il g\u00e8re, elle doivent donc \u00eatre consid\u00e9r\u00e9es comme approximatives. Le GECT, [&hellip;]<\/p>\n","protected":false},"author":1,"featured_media":0,"parent":0,"menu_order":0,"comment_status":"closed","ping_status":"closed","template":"","meta":[],"_links":{"self":[{"href":"https:\/\/espalet.devecomputer.com\/fr\/wp-json\/wp\/v2\/pages\/930"}],"collection":[{"href":"https:\/\/espalet.devecomputer.com\/fr\/wp-json\/wp\/v2\/pages"}],"about":[{"href":"https:\/\/espalet.devecomputer.com\/fr\/wp-json\/wp\/v2\/types\/page"}],"author":[{"embeddable":true,"href":"https:\/\/espalet.devecomputer.com\/fr\/wp-json\/wp\/v2\/users\/1"}],"replies":[{"embeddable":true,"href":"https:\/\/espalet.devecomputer.com\/fr\/wp-json\/wp\/v2\/comments?post=930"}],"version-history":[{"count":5,"href":"https:\/\/espalet.devecomputer.com\/fr\/wp-json\/wp\/v2\/pages\/930\/revisions"}],"predecessor-version":[{"id":963,"href":"https:\/\/espalet.devecomputer.com\/fr\/wp-json\/wp\/v2\/pages\/930\/revisions\/963"}],"wp:attachment":[{"href":"https:\/\/espalet.devecomputer.com\/fr\/wp-json\/wp\/v2\/media?parent=930"}],"curies":[{"name":"wp","href":"https:\/\/api.w.org\/{rel}","templated":true}]}}