{"id":73,"date":"2022-02-07T10:00:42","date_gmt":"2022-02-07T09:00:42","guid":{"rendered":"https:\/\/espalet.devecomputer.com\/fr\/?page_id=73"},"modified":"2022-02-07T13:22:51","modified_gmt":"2022-02-07T12:22:51","slug":"marches-publics","status":"publish","type":"page","link":"https:\/\/espalet.devecomputer.com\/fr\/marches-publics\/","title":{"rendered":"March\u00e9s publics"},"content":{"rendered":"<p><strong>March\u00e9s Publics de l&rsquo;Espace Pourtalet (GECT Pirineos-Pyr\u00e9n\u00e9es):<\/strong><\/p>\n<p>Depuis juin 2021, le GECT Espace Pourtalet a \u00e9t\u00e9 remplac\u00e9 dans toutes ses obligations et droits par la nouvelle entit\u00e9 publique GECT Pirineos-Pyr\u00e9n\u00e9es.<\/p>\n<p>L&rsquo;ensemble des march\u00e9s publics est r\u00e9alis\u00e9 au travers de la plateforme des march\u00e9s de l&rsquo;\u00c9tat, consultable via le lien suivant :<\/p>\n<p><a href=\"https:\/\/contrataciondelestado.es\/wps\/poc?uri=deeplink:perfilContratante&amp;idBp=1BGpOCjU0K0uf4aBO%2BvQlQ%3D%3D\">Plateforme march\u00e9s publics Pirineos-Pyr\u00e9n\u00e9es<\/a><\/p>\n<p>&nbsp;<\/p>\n<p>Plus d&rsquo;information par t\u00e9l\u00e9phone (<strong>0034 974 51 80 73) <\/strong>et par e-mail (<a href=\"mailto:contratacion@pirineos-pyrenees.eu\">contratacion@pirineos-pyrenees.eu<\/a>).<\/p>\n<p>&nbsp;<\/p>\n<p>Enfin, on vous invite \u00e0 visiter le site web du si\u00e8ge de notre entit\u00e9 publique GECT Pirineos-Pyr\u00e9n\u00e9es:<\/p>\n<h2><a href=\"http:\/\/www.pirineos-pyrenees.eu\/\">www.pirineos-pyrenees.eu<\/a><\/h2>\n","protected":false},"excerpt":{"rendered":"<p>March\u00e9s Publics de l&rsquo;Espace Pourtalet (GECT Pirineos-Pyr\u00e9n\u00e9es): Depuis juin 2021, le GECT Espace Pourtalet a \u00e9t\u00e9 remplac\u00e9 dans toutes ses obligations et droits par la nouvelle entit\u00e9 publique GECT Pirineos-Pyr\u00e9n\u00e9es. L&rsquo;ensemble des march\u00e9s publics est r\u00e9alis\u00e9 au travers de la plateforme des march\u00e9s de l&rsquo;\u00c9tat, consultable via le lien suivant : Plateforme march\u00e9s publics Pirineos-Pyr\u00e9n\u00e9es [&hellip;]<\/p>\n","protected":false},"author":1,"featured_media":0,"parent":0,"menu_order":3,"comment_status":"open","ping_status":"open","template":"page-contrataciones.php","meta":[],"_links":{"self":[{"href":"https:\/\/espalet.devecomputer.com\/fr\/wp-json\/wp\/v2\/pages\/73"}],"collection":[{"href":"https:\/\/espalet.devecomputer.com\/fr\/wp-json\/wp\/v2\/pages"}],"about":[{"href":"https:\/\/espalet.devecomputer.com\/fr\/wp-json\/wp\/v2\/types\/page"}],"author":[{"embeddable":true,"href":"https:\/\/espalet.devecomputer.com\/fr\/wp-json\/wp\/v2\/users\/1"}],"replies":[{"embeddable":true,"href":"https:\/\/espalet.devecomputer.com\/fr\/wp-json\/wp\/v2\/comments?post=73"}],"version-history":[{"count":7,"href":"https:\/\/espalet.devecomputer.com\/fr\/wp-json\/wp\/v2\/pages\/73\/revisions"}],"predecessor-version":[{"id":1475,"href":"https:\/\/espalet.devecomputer.com\/fr\/wp-json\/wp\/v2\/pages\/73\/revisions\/1475"}],"wp:attachment":[{"href":"https:\/\/espalet.devecomputer.com\/fr\/wp-json\/wp\/v2\/media?parent=73"}],"curies":[{"name":"wp","href":"https:\/\/api.w.org\/{rel}","templated":true}]}}