{"id":546,"date":"2017-01-25T13:48:45","date_gmt":"2017-01-25T12:48:45","guid":{"rendered":"https:\/\/espalet.devecomputer.com\/fr\/?page_id=546"},"modified":"2022-07-26T12:49:29","modified_gmt":"2022-07-26T10:49:29","slug":"securus","status":"publish","type":"page","link":"https:\/\/espalet.devecomputer.com\/fr\/projets\/securus\/","title":{"rendered":"SECURUS-1 et SECURUS-2"},"content":{"rendered":"<h3><img class=\"ngg_displayed_gallery mceItem\" src=\"https:\/\/espalet.devecomputer.com\/fr\/nextgen-attach_to_post\/preview\/id--212\" alt=\"\" \/><strong>Le GECT Espace Pourtalet, organisme public dissout le 05 mai 2021, a \u00e9t\u00e9 une structure transfrontali\u00e8re active de 2011 \u00e0 2021. Ayant h\u00e9rit\u00e9 les droits et obligations de l\u2019ancienne structure, le <a href=\"https:\/\/www.pirineos-pyrenees.eu\/\" target=\"_blank\" rel=\"noopener noreferrer\">GECT Pirineos-Pyr\u00e9n\u00e9es<\/a> lui succ\u00e8de aujourd\u2019hui.<\/strong><\/h3>\n<p>&nbsp;<\/p>\n<p><img loading=\"lazy\" class=\"size-medium wp-image-1334 aligncenter\" src=\"https:\/\/espalet.devecomputer.com\/fr\/wp-content\/uploads\/sites\/2\/2021\/04\/Logotipo-Securus_1-300x300.jpg\" alt=\"\" width=\"300\" height=\"300\" srcset=\"https:\/\/espalet.devecomputer.com\/fr\/wp-content\/uploads\/sites\/2\/2021\/04\/Logotipo-Securus_1-300x300.jpg 300w, https:\/\/espalet.devecomputer.com\/fr\/wp-content\/uploads\/sites\/2\/2021\/04\/Logotipo-Securus_1-1024x1024.jpg 1024w, https:\/\/espalet.devecomputer.com\/fr\/wp-content\/uploads\/sites\/2\/2021\/04\/Logotipo-Securus_1-150x150.jpg 150w, https:\/\/espalet.devecomputer.com\/fr\/wp-content\/uploads\/sites\/2\/2021\/04\/Logotipo-Securus_1-768x768.jpg 768w, https:\/\/espalet.devecomputer.com\/fr\/wp-content\/uploads\/sites\/2\/2021\/04\/Logotipo-Securus_1-1536x1536.jpg 1536w, https:\/\/espalet.devecomputer.com\/fr\/wp-content\/uploads\/sites\/2\/2021\/04\/Logotipo-Securus_1-2048x2048.jpg 2048w\" sizes=\"(max-width: 300px) 100vw, 300px\" \/><\/p>\n<p>&nbsp;<\/p>\n<p>Le 1er juillet 2016, on d\u00e9marre le\u00a0<strong>projet europ\u00e9en SECURUS<\/strong> sur les axes routiers de <a href=\"https:\/\/www.bielsa-aragnouet.org\">Bielsa \u2013 Aragnouet<\/a> \u00a0(<strong>Lannemazan \u2013 A\u00ednsa<\/strong>) et de l\u2019<a href=\"https:\/\/espalet.devecomputer.com\/\">Espace Pourtalet<\/a> (<strong>Laruns \u2013 Biescas<\/strong>), avec l\u2019objectif de garantir la\u00a0<strong>s\u00e9curit\u00e9 des usagers contre les risques naturels<\/strong>.<\/p>\n<p>\u00c0 partir de cette date et jusqu\u2019\u00e0 fin 2020, les partenaires de ce projet m\u00e8neront \u00e0 terme plusieurs actions telles que: protection et pr\u00e9vention du risque <strong>d\u2019avalanches<\/strong>, du risque des glissements et de l\u2019\u00e9rosion de\u00a0<strong>terres<\/strong>, et des risques par la\u00a0<strong>foudre<\/strong>, ainsi que le d\u00e9veloppement et la mise \u00e0 jour des\u00a0<strong>Plans d\u2019Intervention et de S\u00e9curit\u00e9<\/strong>, articul\u00e9s sur des \u00e9quipes de premi\u00e8re intervention.<\/p>\n<p>La coh\u00e9rence et la force du projet r\u00e9sident dans le fait qu\u2019il est port\u00e9 par\u00a0<strong>deux structures de coop\u00e9ration territoriale transfrontali\u00e8res<\/strong> (<a href=\"http:\/\/www.bielsa-aragnouet.org\/\" target=\"_blank\" rel=\"noopener noreferrer\">Consortium Tunnel Bielsa-Aragnouet<\/a> (2008) y <a href=\"https:\/\/espalet.devecomputer.com\/\" target=\"_blank\" rel=\"noopener noreferrer\">Groupement Europ\u00e9en de Coop\u00e9ration Territoriale Espace Pourtalet <\/a>(2011)), qui ont des moyens propres et l\u2019exp\u00e9rience des projets POCTEFA (Gescontrans, Bidirex, Espalet), avec une probl\u00e9matique commune de risques naturels et la recherche de synergies et de solutions innovantes entre les deux structures.<\/p>\n<p>Le budget total du projet approuv\u00e9 monte \u00e0\u00a0<strong>4.220.626,28 \u20ac<\/strong>, cofinanc\u00e9 \u00e0 hauteur de 65% par le\u00a0<em>Fonds Europ\u00e9en de D\u00e9veloppement R\u00e9gional<\/em><em>\u00a0<\/em>(<strong>FEDER<\/strong>) au travers du <a href=\"https:\/\/www.poctefa.eu\/\">Programme Interreg V-A Espagne-France-Andorre (<strong>POCTEFA 2014-2020<\/strong>)<\/a><strong>.<\/strong><strong>\u00a0<\/strong>L\u2019objectif du POCTEFA est de renforcer l\u2019int\u00e9gration \u00e9conomique et sociale de l\u2019espace frontalier Espagne-France-Andorre. Son aide est concentr\u00e9e sur le d\u00e9veloppement d\u2019activit\u00e9s \u00e9conomiques, sociales et environnementales transfrontali\u00e8res au travers de strat\u00e9gies conjointes qui favorisent le d\u00e9veloppement durable du territoire.<\/p>\n<p>Enfin, l\u2019Europe se trouve juste \u00e0 cot\u00e9 de nous et, \u00e0 travers des projets comme celui-ci, elle agit en faveur de notre environnement,\u00a0<strong>en promouvant la communication et l\u2019\u00e9change<\/strong>\u00a0entre les peuples qui la conforment, en effa\u00e7ant des anciennes fronti\u00e8res<\/p>\n<p><img loading=\"lazy\" class=\"wp-image-1340 aligncenter\" src=\"https:\/\/espalet.devecomputer.com\/fr\/wp-content\/uploads\/sites\/2\/2021\/04\/SECURUS_1.jpg\" alt=\"\" width=\"767\" height=\"1572\" \/><\/p>\n<p><a href=\"https:\/\/espalet.devecomputer.com\/wp-content\/uploads\/2016\/10\/SECURUS-POCTEFA.png\" rel=\"lightbox-0\"><img loading=\"lazy\" class=\" size-medium wp-image-1026 aligncenter\" src=\"https:\/\/espalet.devecomputer.com\/wp-content\/uploads\/2016\/10\/SECURUS-POCTEFA-600x113.png\" alt=\"securuspoctefa\" width=\"600\" height=\"113\" \/><\/a><\/p>\n<p>&nbsp;<\/p>\n<p><img loading=\"lazy\" class=\"size-medium wp-image-1335 aligncenter\" src=\"https:\/\/espalet.devecomputer.com\/fr\/wp-content\/uploads\/sites\/2\/2021\/04\/Logo_SECURUS_2-286x300.png\" alt=\"\" width=\"286\" height=\"300\" srcset=\"https:\/\/espalet.devecomputer.com\/fr\/wp-content\/uploads\/sites\/2\/2021\/04\/Logo_SECURUS_2-286x300.png 286w, https:\/\/espalet.devecomputer.com\/fr\/wp-content\/uploads\/sites\/2\/2021\/04\/Logo_SECURUS_2.png 593w\" sizes=\"(max-width: 286px) 100vw, 286px\" \/><\/p>\n<p>Le 1er Janvier 2018, on d\u00e9marre le\u00a0<strong>projet europ\u00e9en SECURUS<\/strong><strong>\u00a02\u00a0<\/strong>sur les axes routiers de <a href=\"https:\/\/www.bielsa-aragnouet.org\/\">Bielsa \u2013 Aragnouet<\/a> (<strong>Lannemazan \u2013 A\u00ednsa<\/strong>) et de l\u2019<a href=\"https:\/\/espalet.devecomputer.com\/\">Espace Pourtalet<\/a> (<strong>Laruns \u2013 Biescas<\/strong>), avec l\u2019objectif de garantir la\u00a0<strong>s\u00e9curit\u00e9 des usagers contre les risques naturels<\/strong>, comme une suite naturelle des actions d\u00e9velopp\u00e9es par son projet pr\u00e9d\u00e9cesseur SECURUS 1.<\/p>\n<p>\u00c0 partir de cette date et jusqu\u2019\u00e0\u00a0<strong>d\u00e9cembre 2021<\/strong>, les partenaires de ce projet m\u00e8neront \u00e0 terme plusieurs actions telles que: protection et pr\u00e9vention du risque\u00a0<strong>d\u2019avalanches<\/strong>, du risque des glissements et de l\u2019\u00e9rosion de\u00a0<strong>terres<\/strong>, ainsi que le d\u00e9veloppement des \u00e9quipements de viabilit\u00e9 hivernale et d\u2019un Poste M\u00e9dical Avanc\u00e9 sur la t\u00eate nord du Tunnel.<\/p>\n<p>Le budget total du projet approuv\u00e9 monte \u00e0 <strong>5.638.844 \u20ac<\/strong>, cofinanc\u00e9 \u00e0 hauteur de 65% par le\u00a0<em>Fonds Europ\u00e9en de D\u00e9veloppement R\u00e9gional\u00a0<\/em>(<strong>FEDER<\/strong>) \u00e0 travers du <a href=\"https:\/\/www.poctefa.eu\/\">Programme INTERREG V-A Espagne-France-Andorre (<strong>POCTEFA 2014-2020<\/strong>)<\/a><strong>.\u00a0<\/strong>L\u2019objectif du POCTEFA est de renforcer l\u2019int\u00e9gration \u00e9conomique et sociale de l\u2019espace frontalier Espagne-France-Andorre. Son aide est concentr\u00e9e sur le d\u00e9veloppement d\u2019activit\u00e9s \u00e9conomiques, sociales et environnementales transfrontali\u00e8res au travers de strat\u00e9gies conjointes qui favorisent le d\u00e9veloppement durable du territoire.<\/p>\n<p>Enfin, l\u2019Europe continue \u00e0 agir et \u00e0 investir sur notre zone g\u00e9ographique,\u00a0<strong>en promouvant la communication et l\u2019\u00e9change<\/strong>\u00a0entre les peuples qui la conforment.<\/p>\n<p>La coh\u00e9rence et la force du projet r\u00e9sident dans le fait qu\u2019il est port\u00e9 par\u00a0<strong>deux structures de coop\u00e9ration territoriale transfrontali\u00e8res<\/strong> (<a href=\"http:\/\/www.bielsa-aragnouet.org\/\" target=\"_blank\" rel=\"noopener noreferrer\">Consortium Tunnel Bielsa-Aragnouet<\/a> (2008) y <a href=\"https:\/\/espalet.devecomputer.com\/\" target=\"_blank\" rel=\"noopener noreferrer\">Groupement Europ\u00e9en de Coop\u00e9ration Territoriale Espace Pourtalet<\/a><a href=\"https:\/\/espalet.devecomputer.com\/\" target=\"_blank\" rel=\"noopener noreferrer\">\u00a0<\/a>(2011), qui ont des moyens propres et l\u2019exp\u00e9rience des projets POCTEFA (Gescontrans, Bidirex, Espalet), avec une probl\u00e9matique commune de risques naturels et la recherche de synergies et de solutions innovantes entre les deux structures.<\/p>\n<p><img loading=\"lazy\" class=\" wp-image-1341 aligncenter\" src=\"https:\/\/espalet.devecomputer.com\/fr\/wp-content\/uploads\/sites\/2\/2021\/04\/SECURUS_2.jpg\" alt=\"\" width=\"782\" height=\"1584\" \/><\/p>\n<p>&nbsp;<\/p>\n<p><a href=\"https:\/\/espalet.devecomputer.com\/wp-content\/uploads\/2016\/10\/SECURUS-POCTEFA.png\" rel=\"lightbox-0\"><img loading=\"lazy\" class=\" size-medium wp-image-1026 aligncenter\" src=\"https:\/\/espalet.devecomputer.com\/wp-content\/uploads\/2016\/10\/SECURUS-POCTEFA-600x113.png\" alt=\"securuspoctefa\" width=\"600\" height=\"113\" \/><\/a><\/p>\n","protected":false},"excerpt":{"rendered":"<p>Le GECT Espace Pourtalet, organisme public dissout le 05 mai 2021, a \u00e9t\u00e9 une structure transfrontali\u00e8re active de 2011 \u00e0 2021. Ayant h\u00e9rit\u00e9 les droits et obligations de l\u2019ancienne structure, le GECT Pirineos-Pyr\u00e9n\u00e9es lui succ\u00e8de aujourd\u2019hui. &nbsp; &nbsp; Le 1er juillet 2016, on d\u00e9marre le\u00a0projet europ\u00e9en SECURUS sur les axes routiers de Bielsa \u2013 Aragnouet [&hellip;]<\/p>\n","protected":false},"author":1,"featured_media":0,"parent":30,"menu_order":6,"comment_status":"closed","ping_status":"open","template":"","meta":[],"_links":{"self":[{"href":"https:\/\/espalet.devecomputer.com\/fr\/wp-json\/wp\/v2\/pages\/546"}],"collection":[{"href":"https:\/\/espalet.devecomputer.com\/fr\/wp-json\/wp\/v2\/pages"}],"about":[{"href":"https:\/\/espalet.devecomputer.com\/fr\/wp-json\/wp\/v2\/types\/page"}],"author":[{"embeddable":true,"href":"https:\/\/espalet.devecomputer.com\/fr\/wp-json\/wp\/v2\/users\/1"}],"replies":[{"embeddable":true,"href":"https:\/\/espalet.devecomputer.com\/fr\/wp-json\/wp\/v2\/comments?post=546"}],"version-history":[{"count":5,"href":"https:\/\/espalet.devecomputer.com\/fr\/wp-json\/wp\/v2\/pages\/546\/revisions"}],"predecessor-version":[{"id":1507,"href":"https:\/\/espalet.devecomputer.com\/fr\/wp-json\/wp\/v2\/pages\/546\/revisions\/1507"}],"up":[{"embeddable":true,"href":"https:\/\/espalet.devecomputer.com\/fr\/wp-json\/wp\/v2\/pages\/30"}],"wp:attachment":[{"href":"https:\/\/espalet.devecomputer.com\/fr\/wp-json\/wp\/v2\/media?parent=546"}],"curies":[{"name":"wp","href":"https:\/\/api.w.org\/{rel}","templated":true}]}}