{"id":544,"date":"2017-01-25T10:52:01","date_gmt":"2017-01-25T09:52:01","guid":{"rendered":"https:\/\/espalet.devecomputer.com\/fr\/?page_id=544"},"modified":"2022-07-26T12:49:13","modified_gmt":"2022-07-26T10:49:13","slug":"inturpyr","status":"publish","type":"page","link":"https:\/\/espalet.devecomputer.com\/fr\/projets\/inturpyr\/","title":{"rendered":"InturPYR, Innovation touristique pour une destination unique au c\u0153ur des Pyr\u00e9n\u00e9es"},"content":{"rendered":"<h3><img class=\"ngg_displayed_gallery mceItem\" src=\"https:\/\/espalet.devecomputer.com\/fr\/nextgen-attach_to_post\/preview\/id--212\" alt=\"\" \/><strong>Le GECT Espace Pourtalet, organisme public dissout le 05 mai 2021, a \u00e9t\u00e9 une structure transfrontali\u00e8re active de 2011 \u00e0 2021. Ayant h\u00e9rit\u00e9 les droits et obligations de l\u2019ancienne structure, le <a href=\"https:\/\/www.pirineos-pyrenees.eu\/\" target=\"_blank\" rel=\"noopener noreferrer\">GECT Pirineos-Pyr\u00e9n\u00e9es<\/a> lui succ\u00e8de aujourd\u2019hui.<\/strong><\/h3>\n<p>&nbsp;<\/p>\n<p><img class=\" aligncenter\" src=\"https:\/\/espalet.devecomputer.com\/wp-content\/uploads\/2016\/10\/InturPYR-POCTEFA-600x96.png\" alt=\"inturpyrpoctefa\" \/><\/p>\n<p>&nbsp;<\/p>\n<p style=\"text-align: left;\">Le GECT Espace Pourtalet b\u00e9n\u00e9ficie du Projet InturPYR, Innovation touristique pour une destination unique au c\u0153ur des Pyr\u00e9n\u00e9es, un projet de coop\u00e9ration transfrontalier programm\u00e9 du premier appel \u00e0 projet du <a href=\"http:\/\/www.poctefa.eu\">Programme Interreg V-A Espagne-France-Andorra (POCTEFA 2014-2020)<\/a>, et cofinanc\u00e9 \u00e0 hauteur de 65 % par le Fonds Europ\u00e9en de D\u00e9veloppement R\u00e9gional (FEDER)<\/p>\n<p>L&rsquo;objectif principal d&rsquo;InturPYR repose sur la construction d&rsquo;une destination transfrontali\u00e8re unique au c\u0153ur des Pyr\u00e9n\u00e9es, sur la base d\u2019une coop\u00e9ration publique et priv\u00e9e transfrontali\u00e8re, de la dynamisation touristique et de la promotion de l&rsquo;innovation et de la recherche touristique. Ce projet est construit pour et avec le territoire, et travaillera jusqu&rsquo;\u00e0 2019 sur la base des enjeux suivants:<\/p>\n<ul>\n<li>Cr\u00e9er une destination au c\u0153ur des Pyr\u00e9n\u00e9es en s\u2019appuyant sur ses potentialit\u00e9s : tourisme durable, montagne 4 saisons, destination accessible, destination sports-nature,<\/li>\n<li>Favoriser, faciliter et structurer les \u00e9changes entre professionnels du tourisme,<\/li>\n<li>Cr\u00e9er et faciliter la cr\u00e9ation de produits touristiques transfrontaliers,<\/li>\n<li>Structurer un tourisme de coop\u00e9ration pour une visibilit\u00e9 internationale s\u2019appuyant sur l\u2019image Pyr\u00e9n\u00e9es.<\/li>\n<\/ul>\n<p>InturPYR s\u2019appuie sur une\u00a0 participation publique de part et d\u2019autre de la fronti\u00e8re, dont les partenaires sont: <a href=\"https:\/\/espalet.devecomputer.com\/fr\/\">Groupement Europ\u00e9en de Coop\u00e9ration Territoriale (GECT) Espace Pourtalet<\/a>, <a href=\"https:\/\/www.tourisme64.com\/\">Agence d\u2019Attractivit\u00e9 et de D\u00e9veloppement Touristique B\u00e9arn Pays Basque 64<\/a>,\u00a0<a href=\"http:\/\/www.turismodearagon.com\/fr\">Tourisme d\u2019Aragon<\/a>, <a href=\"http:\/\/www.segittur.es\/\" target=\"_blank\" rel=\"noopener noreferrer\">Segittur (Soci\u00e9t\u00e9 Mercantile Estatale pour la Gestion de l&rsquo;Innovaci\u00f3n et les Technologies Touristiques)<\/a>, <a href=\"http:\/\/www.unizar.es\/\">Universit\u00e9 de Saragosse<\/a> et <a href=\"http:\/\/www.univ-pau.fr\/fr\/index.html\">Universit\u00e9 de Pau et des Pays de l&rsquo;Adour<\/a><\/p>\n<p>Site web de la destination Pirineos Pyr\u00e9n\u00e9es: <a href=\"http:\/\/www.pirineospyrenees.com\">www.pirineospyrenees.com<\/a><\/p>\n<p>R\u00e9seaux sociaux:<\/p>\n<p><a href=\"https:\/\/www.instagram.com\/pirineospyrenees\/\">Instagram<\/a><\/p>\n<p><a href=\"https:\/\/www.facebook.com\/pirineospyrenees\/\">Facebook<\/a><\/p>\n<p><a href=\"https:\/\/twitter.com\/pirineopyrenees?lang=es\">Twitter<\/a><\/p>\n<p>Contact du projet:<\/p>\n<p style=\"padding-left: 30px;\"><span style=\"color: #33719f;\"><strong>Blanca VIDAO TERUEL<\/strong><\/span><\/p>\n<p style=\"padding-left: 30px;\"><span style=\"color: #6c9caa;\"><strong>Responsable du projet inturPYR<\/strong><\/span><\/p>\n<p style=\"padding-left: 30px;\"><strong>\u00a0<\/strong><a href=\"mailto:inturpyr@pirineos-pyrenees.eu\" target=\"_blank\" rel=\"noopener noreferrer\"><span style=\"color: #333333;\">inturpyr@pirineos-pyrenees.eu<\/span><\/a><\/p>\n<p style=\"padding-left: 30px;\"><span style=\"color: #333333;\">\u00a000 34 974 997 000 \u2013 00 34 656 279 798<\/span><\/p>\n<p style=\"padding-left: 30px;\"><span style=\"color: #333333;\">\u00a0Frontera del Portalet. Carretera A-136 PK27. 22640- SALLENT DE G\u00c1LLEGO (Huesca). ESPAGNE<\/span><\/p>\n","protected":false},"excerpt":{"rendered":"<p>Le GECT Espace Pourtalet, organisme public dissout le 05 mai 2021, a \u00e9t\u00e9 une structure transfrontali\u00e8re active de 2011 \u00e0 2021. Ayant h\u00e9rit\u00e9 les droits et obligations de l\u2019ancienne structure, le GECT Pirineos-Pyr\u00e9n\u00e9es lui succ\u00e8de aujourd\u2019hui. &nbsp; &nbsp; Le GECT Espace Pourtalet b\u00e9n\u00e9ficie du Projet InturPYR, Innovation touristique pour une destination unique au c\u0153ur des [&hellip;]<\/p>\n","protected":false},"author":5,"featured_media":545,"parent":30,"menu_order":5,"comment_status":"closed","ping_status":"closed","template":"","meta":[],"_links":{"self":[{"href":"https:\/\/espalet.devecomputer.com\/fr\/wp-json\/wp\/v2\/pages\/544"}],"collection":[{"href":"https:\/\/espalet.devecomputer.com\/fr\/wp-json\/wp\/v2\/pages"}],"about":[{"href":"https:\/\/espalet.devecomputer.com\/fr\/wp-json\/wp\/v2\/types\/page"}],"author":[{"embeddable":true,"href":"https:\/\/espalet.devecomputer.com\/fr\/wp-json\/wp\/v2\/users\/5"}],"replies":[{"embeddable":true,"href":"https:\/\/espalet.devecomputer.com\/fr\/wp-json\/wp\/v2\/comments?post=544"}],"version-history":[{"count":6,"href":"https:\/\/espalet.devecomputer.com\/fr\/wp-json\/wp\/v2\/pages\/544\/revisions"}],"predecessor-version":[{"id":1506,"href":"https:\/\/espalet.devecomputer.com\/fr\/wp-json\/wp\/v2\/pages\/544\/revisions\/1506"}],"up":[{"embeddable":true,"href":"https:\/\/espalet.devecomputer.com\/fr\/wp-json\/wp\/v2\/pages\/30"}],"wp:featuredmedia":[{"embeddable":true,"href":"https:\/\/espalet.devecomputer.com\/fr\/wp-json\/wp\/v2\/media\/545"}],"wp:attachment":[{"href":"https:\/\/espalet.devecomputer.com\/fr\/wp-json\/wp\/v2\/media?parent=544"}],"curies":[{"name":"wp","href":"https:\/\/api.w.org\/{rel}","templated":true}]}}