{"id":38,"date":"2015-01-28T13:23:33","date_gmt":"2015-01-28T12:23:33","guid":{"rendered":"https:\/\/espalet.devecomputer.com\/fr\/?page_id=38"},"modified":"2022-07-26T12:51:15","modified_gmt":"2022-07-26T10:51:15","slug":"liens","status":"publish","type":"page","link":"https:\/\/espalet.devecomputer.com\/fr\/liens\/","title":{"rendered":"Liens"},"content":{"rendered":"<h3><img class=\"ngg_displayed_gallery mceItem\" src=\"https:\/\/espalet.devecomputer.com\/fr\/nextgen-attach_to_post\/preview\/id--212\" alt=\"\" \/><strong>Le GECT Espace Pourtalet, organisme public dissout le 05 mai 2021, a \u00e9t\u00e9 une structure transfrontali\u00e8re active de 2011 \u00e0 2021. Ayant h\u00e9rit\u00e9 les droits et obligations de l\u2019ancienne structure, le <a href=\"https:\/\/www.pirineos-pyrenees.eu\/\" target=\"_blank\" rel=\"noopener noreferrer\">GECT Pirineos-Pyr\u00e9n\u00e9es<\/a> lui succ\u00e8de aujourd\u2019hui.<\/strong><\/h3>\n<h3>G\u00e9n\u00e9ral<\/h3>\n<ul>\n<li><a href=\"http:\/\/www.carreterasdearagon.es\" target=\"_blank\" rel=\"noopener noreferrer\">Gouvernement d&rsquo;Aragon &#8211; \u00c9tat des routes r\u00e9gionales d&rsquo;Aragon<\/a><\/li>\n<li><a title=\"CGPA\" href=\"http:\/\/www.cg64.fr\/accueil.html\" target=\"_blank\" rel=\"noopener noreferrer\">Conseil G\u00e9n\u00e9ral des Pyr\u00e9n\u00e9es Atlantiques. CGPA<\/a><\/li>\n<li><a title=\"Uni\u00f3n Europea\" href=\"http:\/\/europa.eu\/index_es.htm\" target=\"_blank\" rel=\"noopener noreferrer\">Union Europ\u00e9enne<\/a><\/li>\n<li><a title=\"AECT en Europa\" href=\"https:\/\/portal.cor.europa.eu\/egtc\/Pages\/welcome.aspx\" target=\"_blank\" rel=\"noopener noreferrer\">GECT en Europe<\/a><\/li>\n<li><a title=\"CTP\" href=\"http:\/\/www.ctp.org\/\" target=\"_blank\" rel=\"noopener noreferrer\">CTP. POCTEFA. Communaut\u00e9 de Travail des Pyr\u00e9n\u00e9es<\/a><\/li>\n<li><a title=\"POCTEFA\" href=\"https:\/\/www.poctefa.eu\/\" target=\"_blank\" rel=\"noopener noreferrer\">POCTEFA. Programme Op\u00e9rationnel de Coop\u00e9ration Territoriale Espagne-France-Andorre<\/a><\/li>\n<\/ul>\n<h3>Accessibilit\u00e9<\/h3>\n<ul>\n<li><a title=\"Carreteras de Arag\u00f3n\" href=\"http:\/\/www.carreterasdearagon.es\/\" target=\"_blank\" rel=\"noopener noreferrer\">Les conditions routi\u00e8res du Gouvernement d&rsquo;Aragon<\/a><\/li>\n<li><a title=\"CG64: carreteras\" href=\"http:\/\/www.cg64.fr\/services-en-ligne\/info-route.html\" target=\"_blank\" rel=\"noopener noreferrer\">L&rsquo;\u00e9tat des routes du Conseil G\u00e9n\u00e9ral des Pyr\u00e9n\u00e9es Atlantiques<\/a><\/li>\n<li><a title=\"GA: Obras P\u00fablicas\" href=\"http:\/\/www.aragon.es\/DepartamentosOrganismosPublicos\/Departamentos\/ObrasPublicasUrbanismoTransportes\" target=\"_blank\" rel=\"noopener noreferrer\">GA. Minist\u00e8re des travaux publics, de l&rsquo;am\u00e9nagement, du logement et des transports<\/a><\/li>\n<li><a title=\"CGPA\" href=\"http:\/\/www.cg64.fr\/deplacements\/deplacements\/moderniser-le-reseau-routier.html\" target=\"_blank\" rel=\"noopener noreferrer\">ACMG. Routes, Transports et accessibilit\u00e9<\/a><\/li>\n<li><a title=\"Estado de las carreteras\" href=\"http:\/\/infocar.dgt.es\/etraffic\/\" target=\"_blank\" rel=\"noopener noreferrer\">Les conditions routi\u00e8res en Espagne<\/a><\/li>\n<li><a title=\"Estado de las carreteras en Francia\" href=\"http:\/\/www.bison-fute.gouv.fr\/\" target=\"_blank\" rel=\"noopener noreferrer\">Les conditions routi\u00e8res en France<\/a><\/li>\n<li><a title=\"AEMET\" href=\"http:\/\/www.aemet.es\/es\/portada\" target=\"_blank\" rel=\"noopener noreferrer\">L&rsquo;Agence m\u00e9t\u00e9orologique espagnole. AEMET<\/a><\/li>\n<li><a title=\"Meteo France\" href=\"http:\/\/www.meteofrance.com\/accueil\" target=\"_blank\" rel=\"noopener noreferrer\">M\u00e9t\u00e9o FRANCE<\/a><\/li>\n<\/ul>\n<h3>Tourisme<\/h3>\n<ul>\n<li><a title=\"GA: Turismo\" href=\"http:\/\/www.aragon.es\/DepartamentosOrganismosPublicos\/Departamentos\/EconomiaEmpleo\/AreasTematicas\/Turismo\" target=\"_blank\" rel=\"noopener noreferrer\">GA. Minist\u00e8re du Tourisme<\/a><\/li>\n<li><a title=\"Turismo de Arag\u00f3n\" href=\"http:\/\/www.turismodearagon.com\/web\/home.asp#.VM5ggWiG9qI\" target=\"_blank\" rel=\"noopener noreferrer\">GA. Tourisme Aragon<\/a><\/li>\n<li><a title=\"CGPA: Turismo\" href=\"http:\/\/www.cg64.fr\/developpement\/developpement-economique\/tourisme-et-thermalisme.html\" target=\"_blank\" rel=\"noopener noreferrer\">CGPA. Tourisme et Thermalisme<\/a><\/li>\n<li><a title=\"CGPA: Turismo B\u00e9arn\" href=\"http:\/\/www.cg64.fr\/developpement\/developpement-economique\/tourisme-et-thermalisme\/conforter-le-travail-partenarial-engage-avec-le-comite-departemental-du-tourisme-bearn-pays-basque.html\" target=\"_blank\" rel=\"noopener noreferrer\">CGPA. Comit\u00e9 D\u00e9partmental du Tourisme B\u00e9arn-Pays Basque<\/a><\/li>\n<li><a title=\"Turismo de Monta\u00f1a\" href=\"http:\/\/innovactm.com\/\" target=\"_blank\" rel=\"noopener noreferrer\">Montagne Cluster Tourisme<\/a><\/li>\n<\/ul>\n<h3>Patrimoine et Culture<\/h3>\n<ul>\n<li><a title=\"GA: Educaci\u00f3n\" href=\"http:\/\/www.educaragon.org\/\" target=\"_blank\" rel=\"noopener noreferrer\">GA. Minist\u00e8re de l&rsquo;\u00c9ducation, Universit\u00e9, Culture et Sport<\/a><\/li>\n<li><a title=\"GA: Cultura\" href=\"http:\/\/www.aragon.es\/Temas\/Cultura-y-Deporte\/AreasTematicas\/01_Actividades-culturales-y-espect%C3%A1culos\" target=\"_blank\" rel=\"noopener noreferrer\">GA. Activit\u00e9s culturelles<\/a><\/li>\n<li><a title=\"GA: Patrimonio\" href=\"http:\/\/www.aragon.es\/Temas\/Cultura-y-Deporte\/AreasTematicas\/02_Arag%C3%B3n:-patrimonio\" target=\"_blank\" rel=\"noopener noreferrer\">GA. Patrimoine<\/a><\/li>\n<li><a title=\"CGPA: Patrimonio, Cultura y Deportes\" href=\"http:\/\/www.cg64.fr\/culturesport.html\" target=\"_blank\" rel=\"noopener noreferrer\">CGPA. Patrimoine, Culture et Sport<\/a><\/li>\n<li><a title=\"CGPA: Acci\u00f3n Cultural\" href=\"http:\/\/www.cg64.fr\/culturesport\/culture\/action-culturelle.html\" target=\"_blank\" rel=\"noopener noreferrer\">CGPA.Action Culturelle<\/a><\/li>\n<li><a title=\"CGPA: Patrimonio\" href=\"http:\/\/www.cg64.fr\/culturesport\/culture\/patrimoine.html\" target=\"_blank\" rel=\"noopener noreferrer\">CGPA. Patrimoine<\/a><\/li>\n<\/ul>\n<h3>D\u00e9veloppement \u00e9conomique<\/h3>\n<ul>\n<li><a title=\"GA: Econom\u00eda y Empleo\" href=\"http:\/\/www.aragon.es\/DepartamentosOrganismosPublicos\/Departamentos\/EconomiaEmpleo\" target=\"_blank\" rel=\"noopener noreferrer\">GA. Minist\u00e8rede l&rsquo;\u00e9conomie et de l&#8217;emploi<\/a><\/li>\n<li><a title=\"CGPA: Gesti\u00f3n Sostenible\" href=\"http:\/\/www.cg64.fr\/developpement.html\" target=\"_blank\" rel=\"noopener noreferrer\">CGPA. Gestion territoriale et \u00e9conomique durable<\/a><\/li>\n<li><a title=\"C\u00e1maras de Comercio\" href=\"http:\/\/www.camarasaragon.com\/\" target=\"_blank\" rel=\"noopener noreferrer\">Conseil Regional des Chambres de Commerce d&rsquo;Aragon<\/a><\/li>\n<li><a title=\"C\u00e1mara de Comercio de Pau\" href=\"http:\/\/www.pau.cci.fr\/\" target=\"_blank\" rel=\"noopener noreferrer\">Chambre de Commerce et d&rsquo;Industrie de Pau B\u00e9arn<\/a><\/li>\n<li><a title=\"C\u00e1mara de Comercio de Tarbes\" href=\"http:\/\/www.tarbes.cci.fr\/\" target=\"_blank\" rel=\"noopener noreferrer\">Chambre de Commerce de Tarbes et Hautes Pyr\u00e9n\u00e9es<\/a><\/li>\n<\/ul>\n","protected":false},"excerpt":{"rendered":"<p>Le GECT Espace Pourtalet, organisme public dissout le 05 mai 2021, a \u00e9t\u00e9 une structure transfrontali\u00e8re active de 2011 \u00e0 2021. Ayant h\u00e9rit\u00e9 les droits et obligations de l\u2019ancienne structure, le GECT Pirineos-Pyr\u00e9n\u00e9es lui succ\u00e8de aujourd\u2019hui. G\u00e9n\u00e9ral Gouvernement d&rsquo;Aragon &#8211; \u00c9tat des routes r\u00e9gionales d&rsquo;Aragon Conseil G\u00e9n\u00e9ral des Pyr\u00e9n\u00e9es Atlantiques. CGPA Union Europ\u00e9enne GECT en [&hellip;]<\/p>\n","protected":false},"author":1,"featured_media":0,"parent":0,"menu_order":10,"comment_status":"open","ping_status":"open","template":"","meta":[],"_links":{"self":[{"href":"https:\/\/espalet.devecomputer.com\/fr\/wp-json\/wp\/v2\/pages\/38"}],"collection":[{"href":"https:\/\/espalet.devecomputer.com\/fr\/wp-json\/wp\/v2\/pages"}],"about":[{"href":"https:\/\/espalet.devecomputer.com\/fr\/wp-json\/wp\/v2\/types\/page"}],"author":[{"embeddable":true,"href":"https:\/\/espalet.devecomputer.com\/fr\/wp-json\/wp\/v2\/users\/1"}],"replies":[{"embeddable":true,"href":"https:\/\/espalet.devecomputer.com\/fr\/wp-json\/wp\/v2\/comments?post=38"}],"version-history":[{"count":1,"href":"https:\/\/espalet.devecomputer.com\/fr\/wp-json\/wp\/v2\/pages\/38\/revisions"}],"predecessor-version":[{"id":1510,"href":"https:\/\/espalet.devecomputer.com\/fr\/wp-json\/wp\/v2\/pages\/38\/revisions\/1510"}],"wp:attachment":[{"href":"https:\/\/espalet.devecomputer.com\/fr\/wp-json\/wp\/v2\/media?parent=38"}],"curies":[{"name":"wp","href":"https:\/\/api.w.org\/{rel}","templated":true}]}}