{"id":35,"date":"2015-01-28T13:22:42","date_gmt":"2015-01-28T12:22:42","guid":{"rendered":"https:\/\/espalet.devecomputer.com\/fr\/?page_id=35"},"modified":"2022-07-26T12:49:41","modified_gmt":"2022-07-26T10:49:41","slug":"projet-espalet","status":"publish","type":"page","link":"https:\/\/espalet.devecomputer.com\/fr\/projets\/projet-espalet\/","title":{"rendered":"Projet Espalet"},"content":{"rendered":"<h3><img class=\"ngg_displayed_gallery mceItem\" src=\"https:\/\/espalet.devecomputer.com\/fr\/nextgen-attach_to_post\/preview\/id--212\" alt=\"\" \/><strong>Le GECT Espace Pourtalet, organisme public dissout le 05 mai 2021, a \u00e9t\u00e9 une structure transfrontali\u00e8re active de 2011 \u00e0 2021. Ayant h\u00e9rit\u00e9 les droits et obligations de l\u2019ancienne structure, le <a href=\"https:\/\/www.pirineos-pyrenees.eu\/\" target=\"_blank\" rel=\"noopener noreferrer\">GECT Pirineos-Pyr\u00e9n\u00e9es<\/a> lui succ\u00e8de aujourd\u2019hui.<\/strong><\/h3>\n<h4>L\u2019Espace Pourtalet\u00a0: fondement (fondation, socle, pilier) d\u2019une coop\u00e9ration p\u00e9renne.<\/h4>\n<p>Dans le cadre de la cr\u00e9ation du GECT Espace Pourtalet, le D\u00e9partement des Pyr\u00e9n\u00e9es-Atlantiques et la Communaut\u00e9 Autonome d\u2019Aragon ont pr\u00e9sent\u00e9 le projet Espalet au Programme Op\u00e9rationnel de Coop\u00e9ration Territoriale Espagne \u2013 France \u2013 Andorre (POCTEFA) 2007-2013 de l\u2019Union Europ\u00e9enne dans l\u2019axe 3 \u201cAm\u00e9liorer la qualit\u00e9 de vie de les populations \u00e0 travers des strat\u00e9gies communes de structuration territoriale et de d\u00e9veloppement durable\u201d. Il a \u00e9t\u00e9 programm\u00e9 le 7 f\u00e9vrier 2012.<\/p>\n<p>Dans le cadre de ce projet Espalet, le GECT Espace Pourtalet a cr\u00e9\u00e9 \u00ab\u00a0l\u2019Espace Pourtalet\u00a0\u00bb, int\u00e9grant la construction de deux b\u00e2timents transfrontaliers\u00a0: un centre de ressources et un centre de d\u00e9neigement. Ces \u00e9quipements seront ouverts au public et d\u00e9di\u00e9s \u00e0 la dynamisation transfrontali\u00e8re. L\u2019Espace Pourtalet souhaite devenir un espace de communication et de dialogue entre les acteurs de la coop\u00e9ration territoriale des Pyr\u00e9n\u00e9es-Atlantiques et d\u2019Aragon, un symbole d\u2019union et un exemple d\u2019int\u00e9gration entre les deux versants de la fronti\u00e8re.<\/p>\n<p>La cr\u00e9ation de \u00ab\u00a0l\u2019Espace Pourtalet\u00a0\u00bb, situ\u00e9 au passage frontalier franco-espagnol du Pourtalet, a \u00e9t\u00e9 men\u00e9e \u00e0 travers la r\u00e9habilitation de l\u2019ancienne douane espagnole du Pourtalet en Centre de ressources, et par la construction d\u2019un nouveau b\u00e2timent annexe, le Centre de d\u00e9neigement transfrontalier.<\/p>\n<p>L\u2019Espace Pourtalet sera multifonctionnel. En effet, l\u2019ancienne douane accueillera, en p\u00e9riode estivale, des activit\u00e9s diverses concernant la coop\u00e9ration transfrontali\u00e8re, tels que des conf\u00e9rences, des s\u00e9minaires, des journ\u00e9es de bonnes pratiques, des ateliers de formation, des expositions itin\u00e9rantes, etc. Le nouveau b\u00e2timent sera, en hiver, la base des op\u00e9rations de l\u2019\u00e9quipe transfrontali\u00e8re de viabilit\u00e9 hivernale du Pourtalet, pour \u00eatre l\u2019\u00e9t\u00e9 une salle multifonctionnelle qui h\u00e9bergera des \u00e9v\u00e9nements tels que des foires ou des spectacles.<\/p>\n<h2>PROJET ESPALET<\/h2>\n<p>Titre du projet: Espace Pourtalet Centre pour la Coop\u00e9ration et l&rsquo;Int\u00e9gration Transfrontali\u00e8re<\/p>\n<p>Acronyme: ESPALET<\/p>\n<p>B\u00e9n\u00e9ficiaire: GECT Espace Portalet<\/p>\n<p>P\u00e9riode de r\u00e9alisation: 2011\/2013<\/p>\n<p>Co\u00fbt total estim\u00e9: \u20ac 1,312,376.25<\/p>\n<p>Aide FEDER approuv\u00e9: 853,044.56 \u20ac<\/p>\n<h3>Objectif<\/h3>\n<p>Le projet vise \u00e0 cr\u00e9er un espace de gestion conjointe, agissant comme un centre pour la coop\u00e9ration transfrontali\u00e8re visant \u00e0 stimuler les usages et les services socio-culturels, autour de la vieille douane franco-espagnole Portalet.<\/p>\n<h3>Actes<\/h3>\n<ul>\n<li>Cr\u00e9ation Centre de dynamisation transfrontiali\u00e8re \u00ab\u00a0Espace Pourtalet\u00a0\u00bb.<\/li>\n<li>Constitution de la Unit\u00e9 Transfrontiali\u00e8re de Dynamisation Socio\u00e9conomique \u00ab\u00a0Pourtalet dynamique\u00bb au sein du GECT.<\/li>\n<li>Ex\u00e9cution d&rsquo;un diagnostic territorial dans la zone transfrontali\u00e8re.<\/li>\n<li>Cr\u00e9ation d&rsquo;un site Web avec des informations sur les projets transfrontaliers du GECT et les autres acteurs du territoire.<\/li>\n<li>D\u00e9veloppement d&rsquo;une base de donn\u00e9es de bonnes pratiques dans la coop\u00e9ration transfrontali\u00e8re.<\/li>\n<li>Organisation ou des activit\u00e9s \u00e0 travers les fronti\u00e8res.<\/li>\n<\/ul>\n<p><a title=\"Project Fiche\" href=\"https:\/\/espalet.devecomputer.com\/fr\/wp-content\/uploads\/sites\/2\/2015\/02\/Fiche-descriptive-du-Projet-Espalet.pdf\">Fiche projet Espalet <\/a>(PDF, 120KB)<\/p>\n","protected":false},"excerpt":{"rendered":"<p>Le GECT Espace Pourtalet, organisme public dissout le 05 mai 2021, a \u00e9t\u00e9 une structure transfrontali\u00e8re active de 2011 \u00e0 2021. Ayant h\u00e9rit\u00e9 les droits et obligations de l\u2019ancienne structure, le GECT Pirineos-Pyr\u00e9n\u00e9es lui succ\u00e8de aujourd\u2019hui. L\u2019Espace Pourtalet\u00a0: fondement (fondation, socle, pilier) d\u2019une coop\u00e9ration p\u00e9renne. Dans le cadre de la cr\u00e9ation du GECT Espace Pourtalet, [&hellip;]<\/p>\n","protected":false},"author":1,"featured_media":0,"parent":30,"menu_order":7,"comment_status":"open","ping_status":"closed","template":"","meta":[],"_links":{"self":[{"href":"https:\/\/espalet.devecomputer.com\/fr\/wp-json\/wp\/v2\/pages\/35"}],"collection":[{"href":"https:\/\/espalet.devecomputer.com\/fr\/wp-json\/wp\/v2\/pages"}],"about":[{"href":"https:\/\/espalet.devecomputer.com\/fr\/wp-json\/wp\/v2\/types\/page"}],"author":[{"embeddable":true,"href":"https:\/\/espalet.devecomputer.com\/fr\/wp-json\/wp\/v2\/users\/1"}],"replies":[{"embeddable":true,"href":"https:\/\/espalet.devecomputer.com\/fr\/wp-json\/wp\/v2\/comments?post=35"}],"version-history":[{"count":1,"href":"https:\/\/espalet.devecomputer.com\/fr\/wp-json\/wp\/v2\/pages\/35\/revisions"}],"predecessor-version":[{"id":1508,"href":"https:\/\/espalet.devecomputer.com\/fr\/wp-json\/wp\/v2\/pages\/35\/revisions\/1508"}],"up":[{"embeddable":true,"href":"https:\/\/espalet.devecomputer.com\/fr\/wp-json\/wp\/v2\/pages\/30"}],"wp:attachment":[{"href":"https:\/\/espalet.devecomputer.com\/fr\/wp-json\/wp\/v2\/media?parent=35"}],"curies":[{"name":"wp","href":"https:\/\/api.w.org\/{rel}","templated":true}]}}