{"id":33,"date":"2015-01-28T13:21:59","date_gmt":"2015-01-28T12:21:59","guid":{"rendered":"https:\/\/espalet.devecomputer.com\/fr\/?page_id=33"},"modified":"2022-07-26T12:48:43","modified_gmt":"2022-07-26T10:48:43","slug":"culture","status":"publish","type":"page","link":"https:\/\/espalet.devecomputer.com\/fr\/projets\/culture\/","title":{"rendered":"Culture et Patrimoine"},"content":{"rendered":"<h3><img class=\"ngg_displayed_gallery mceItem\" src=\"https:\/\/espalet.devecomputer.com\/fr\/nextgen-attach_to_post\/preview\/id--212\" alt=\"\" \/><strong>Le GECT Espace Pourtalet, organisme public dissout le 05 mai 2021, a \u00e9t\u00e9 une structure transfrontali\u00e8re active de 2011 \u00e0 2021. Ayant h\u00e9rit\u00e9 les droits et obligations de l\u2019ancienne structure, le <a href=\"https:\/\/www.pirineos-pyrenees.eu\/\" target=\"_blank\" rel=\"noopener noreferrer\">GECT Pirineos-Pyr\u00e9n\u00e9es<\/a> lui succ\u00e8de aujourd\u2019hui.<\/strong><\/h3>\n<h4>Un enrichissement culturel partag\u00e9<\/h4>\n<p>Le GECT s\u2019est donn\u00e9 pour ambition de mettre en valeur et de d\u00e9velopper la culture sur nos territoires, r\u00e9v\u00e9lant ainsi leurs nombreuses similitudes. L\u2019Aragon et les Pyr\u00e9n\u00e9es Atlantiques travaillent, \u00e0 ce jour, sur des th\u00e9matiques semblables. L\u2019id\u00e9e est de renforcer ces actions individuelles par des actions conjointes afin de leurs donner une meilleure visibilit\u00e9 et un impact plus important. Par ailleurs, il ne s\u2019agit pas seulement de mettre en relation, de mutualiser, mais d\u2019encourager l\u2019initiative et l\u2019innovation en mati\u00e8re culturelle.<\/p>\n<p><img class=\"ngg_displayed_gallery mceItem\" src=\"https:\/\/espalet.devecomputer.com\/fr\/nextgen-attach_to_post\/preview\/id--130\" alt=\"\" \/><\/p>\n<p>De ces \u00e9changes entre nos deux territoires a \u00e9merg\u00e9e une strat\u00e9gie culturelle commune, se basant sur les points suivants\u00a0:<\/p>\n<p><img loading=\"lazy\" class=\"alignleft size-medium wp-image-67\" src=\"https:\/\/espalet.devecomputer.com\/fr\/wp-content\/uploads\/sites\/2\/2015\/01\/grafico_culture-600x353.png\" alt=\"Culture\" width=\"600\" height=\"353\" \/><\/p>\n<h3>1. Innovation<\/h3>\n<ul>\n<li>P\u00e9pini\u00e8re d\u2019industrie culturelle<\/li>\n<li>Agence culturelle transfrontali\u00e8re<\/li>\n<\/ul>\n<h3>2. Cr\u00e9ation de r\u00e9seaux culturels<\/h3>\n<ul>\n<li>Mise en r\u00e9seau des th\u00e9\u00e2tres<\/li>\n<li>Mise en r\u00e9seau des conservatoires<\/li>\n<\/ul>\n<h3>3. Formation<\/h3>\n<ul>\n<li>&#8211; Participation conjointe \u00e0 des rencontres professionnelles entre acteurs culturels.<br \/>\n&#8211; Participation conjointe aux festivals de cin\u00e9ma de chaque c\u00f4t\u00e9 de la fronti\u00e8re.<\/li>\n<\/ul>\n<h3>4. Produits culturels transfrontaliers<\/h3>\n<ul>\n<li>Festival de cin\u00e9ma transfrontalier au Pourtalet<\/li>\n<li>Bureau d\u2019accueil des tournages transfrontalier<\/li>\n<li>Agenda culturel<\/li>\n<\/ul>\n<p>Concernant plus pr\u00e9cis\u00e9ment le Patrimoine, le groupe de travail du GECT devrait se r\u00e9unir d\u2019ici la fin de l\u2019ann\u00e9e 2014 afin de d\u00e9finir une strat\u00e9gie pour les ann\u00e9es \u00e0 venir. Les informations seront donc mises \u00e0 jour par la suite.<\/p>\n","protected":false},"excerpt":{"rendered":"<p>Le GECT Espace Pourtalet, organisme public dissout le 05 mai 2021, a \u00e9t\u00e9 une structure transfrontali\u00e8re active de 2011 \u00e0 2021. Ayant h\u00e9rit\u00e9 les droits et obligations de l\u2019ancienne structure, le GECT Pirineos-Pyr\u00e9n\u00e9es lui succ\u00e8de aujourd\u2019hui. Un enrichissement culturel partag\u00e9 Le GECT s\u2019est donn\u00e9 pour ambition de mettre en valeur et de d\u00e9velopper la culture [&hellip;]<\/p>\n","protected":false},"author":1,"featured_media":0,"parent":30,"menu_order":3,"comment_status":"open","ping_status":"open","template":"","meta":[],"_links":{"self":[{"href":"https:\/\/espalet.devecomputer.com\/fr\/wp-json\/wp\/v2\/pages\/33"}],"collection":[{"href":"https:\/\/espalet.devecomputer.com\/fr\/wp-json\/wp\/v2\/pages"}],"about":[{"href":"https:\/\/espalet.devecomputer.com\/fr\/wp-json\/wp\/v2\/types\/page"}],"author":[{"embeddable":true,"href":"https:\/\/espalet.devecomputer.com\/fr\/wp-json\/wp\/v2\/users\/1"}],"replies":[{"embeddable":true,"href":"https:\/\/espalet.devecomputer.com\/fr\/wp-json\/wp\/v2\/comments?post=33"}],"version-history":[{"count":1,"href":"https:\/\/espalet.devecomputer.com\/fr\/wp-json\/wp\/v2\/pages\/33\/revisions"}],"predecessor-version":[{"id":1504,"href":"https:\/\/espalet.devecomputer.com\/fr\/wp-json\/wp\/v2\/pages\/33\/revisions\/1504"}],"up":[{"embeddable":true,"href":"https:\/\/espalet.devecomputer.com\/fr\/wp-json\/wp\/v2\/pages\/30"}],"wp:attachment":[{"href":"https:\/\/espalet.devecomputer.com\/fr\/wp-json\/wp\/v2\/media?parent=33"}],"curies":[{"name":"wp","href":"https:\/\/api.w.org\/{rel}","templated":true}]}}