{"id":32,"date":"2015-01-28T13:21:45","date_gmt":"2015-01-28T12:21:45","guid":{"rendered":"https:\/\/espalet.devecomputer.com\/fr\/?page_id=32"},"modified":"2022-07-26T12:48:23","modified_gmt":"2022-07-26T10:48:23","slug":"tourisme","status":"publish","type":"page","link":"https:\/\/espalet.devecomputer.com\/fr\/projets\/tourisme\/","title":{"rendered":"Tourisme"},"content":{"rendered":"<h3><strong>Le GECT Espace Pourtalet, organisme public dissout le 05 mai 2021, a \u00e9t\u00e9 une structure transfrontali\u00e8re active de 2011 \u00e0 2021. Ayant h\u00e9rit\u00e9 les droits et obligations de l\u2019ancienne structure, le <a href=\"https:\/\/www.pirineos-pyrenees.eu\/\" target=\"_blank\" rel=\"noopener noreferrer\">GECT Pirineos-Pyr\u00e9n\u00e9es<\/a> lui succ\u00e8de aujourd\u2019hui.<\/strong><\/h3>\n<h4>Une destination commune au C\u0153ur des Pyr\u00e9n\u00e9es<\/h4>\n<p>Le GECT, en partenariat avec de nombreux acteurs, s\u2019est fix\u00e9 pour objectif de co-construire une destination touristique au centre du massif pyr\u00e9n\u00e9en.<br \/>\nLe positionnement g\u00e9ographique de ce territoire &#8211; enclav\u00e9 entre les deux grandes euro-r\u00e9gions littorales, les arcs atlantique et m\u00e9diterran\u00e9en &#8211; devient alors son atout principal, l\u2019\u00e9rigeant ainsi comme le C\u0153ur des Pyr\u00e9n\u00e9es.<\/p>\n<p><img class=\"ngg_displayed_gallery mceItem\" src=\"https:\/\/espalet.devecomputer.com\/fr\/nextgen-attach_to_post\/preview\/id--111\" alt=\"\" \/><\/p>\n<p>Les similitudes \u00e9conomiques, culturelles et sociales partag\u00e9es, historiquement et actuellement, d\u2019un c\u00f4t\u00e9 ou de l\u2019autre de la fronti\u00e8re, ainsi que l\u2019engagement des diff\u00e9rents partenaires permettent d\u2019impulser des actions structurantes.<\/p>\n<p>De cette vision partag\u00e9e du territoire a \u00e9merg\u00e9e une strat\u00e9gie touristique commune, se basant sur les points suivants\u00a0:<\/p>\n<p><img loading=\"lazy\" class=\"alignleft size-medium wp-image-66\" src=\"https:\/\/espalet.devecomputer.com\/fr\/wp-content\/uploads\/sites\/2\/2015\/01\/grafico_tourisme-600x353.png\" alt=\"Destination touristique\" width=\"600\" height=\"353\" \/><\/p>\n<h3>1. Innovation<\/h3>\n<ul>\n<li>Marque\/Identit\u00e9 de territoire unique<\/li>\n<li>Diagnostic territorial<\/li>\n<li>Association touristique transfrontali\u00e8re sur un Espace commun CG64, GA, CG65, Diputacion de Huesca, GECT HP-HP<\/li>\n<\/ul>\n<h3>2. Recherche touristique<\/h3>\n<ul>\n<li>Observatoire Transfrontalier<\/li>\n<li>Echange d\u2019\u00e9tudiants (master franco-espagnol)<\/li>\n<li>Stage en entreprises<\/li>\n<li>Atelier de recherche sur le tourisme transfrontalier<\/li>\n<\/ul>\n<h3>3. Promotion<\/h3>\n<ul>\n<li>Agenda touristique commun<\/li>\n<li>Carte transfrontali\u00e8re<\/li>\n<li>Pass touristiques transfrontaliers<\/li>\n<li>Geoportail des acteurs<\/li>\n<li>Ev\u00e8nement \u00ab\u00a0phare\u00a0\u00bb au Col<\/li>\n<\/ul>\n<h3>4. Formation\/\u00e9changes<\/h3>\n<ul>\n<li>Bourses aux d\u00e9pliants<\/li>\n<li>Carte professionnelle<\/li>\n<li>Participation conjointe \u00e0 des rencontres professionnelles entre acteurs touristiques (ComTur,..)<\/li>\n<\/ul>\n<h3>5. Commercialisation de produits touristiques<\/h3>\n<ul>\n<li>Golf<\/li>\n<li>Produit neige<\/li>\n<li>Tourisme pleine nature<\/li>\n<li>Routes th\u00e9matiques<\/li>\n<li>Tourisme halieutique<\/li>\n<\/ul>\n<h3>6. Emploi et mobilit\u00e9<\/h3>\n<ul>\n<li>Responsabilit\u00e9 soci\u00e9tale entreprise<\/li>\n<li>Bourse \u00e0 l\u2019emploi transfrontali\u00e8re (saisonniers)<\/li>\n<\/ul>\n<p>Ce d\u00e9veloppement touristique doit se faire par un accueil et un maintien des populations sur le territoire et la participation de ces populations au d\u00e9veloppement territorial.<\/p>\n<p>Sur le long terme, il s\u2019agirait de viser et proposer, \u00e0 une client\u00e8le \u00ab\u00a0internationale\u00a0\u00bb des produits durables, et ce, \u00e0 travers une promotion qualitative et cibl\u00e9e.<\/p>\n<p>Les acteurs engag\u00e9s dans cette collaboration ont pour ambition de promouvoir l\u2019ensemble de ces actions touristiques en donnant \u00e0 leur territoire une identit\u00e9 ou une marque, afin de lui conf\u00e9rer une certaine visibilit\u00e9, notamment en termes de destination europ\u00e9enne d\u2019excellence.<\/p>\n<ul>\n<li>La structuration de l\u2019\u00e9conomie touristique transfrontali\u00e8re passe par\u00a0:<\/li>\n<li>Travailler sur la gouvernance touristique,<\/li>\n<li>Optimiser l\u2019organisation touristique locale,<\/li>\n<li>Favoriser l\u2019attractivit\u00e9 du territoire,<\/li>\n<li>Accompagner l\u2019innovation,<\/li>\n<li>Valoriser la formation touristique pour dynamiser le march\u00e9 de l\u2019emploi.<\/li>\n<\/ul>\n","protected":false},"excerpt":{"rendered":"<p>Le GECT Espace Pourtalet, organisme public dissout le 05 mai 2021, a \u00e9t\u00e9 une structure transfrontali\u00e8re active de 2011 \u00e0 2021. Ayant h\u00e9rit\u00e9 les droits et obligations de l\u2019ancienne structure, le GECT Pirineos-Pyr\u00e9n\u00e9es lui succ\u00e8de aujourd\u2019hui. Une destination commune au C\u0153ur des Pyr\u00e9n\u00e9es Le GECT, en partenariat avec de nombreux acteurs, s\u2019est fix\u00e9 pour objectif [&hellip;]<\/p>\n","protected":false},"author":1,"featured_media":0,"parent":30,"menu_order":2,"comment_status":"open","ping_status":"open","template":"","meta":[],"_links":{"self":[{"href":"https:\/\/espalet.devecomputer.com\/fr\/wp-json\/wp\/v2\/pages\/32"}],"collection":[{"href":"https:\/\/espalet.devecomputer.com\/fr\/wp-json\/wp\/v2\/pages"}],"about":[{"href":"https:\/\/espalet.devecomputer.com\/fr\/wp-json\/wp\/v2\/types\/page"}],"author":[{"embeddable":true,"href":"https:\/\/espalet.devecomputer.com\/fr\/wp-json\/wp\/v2\/users\/1"}],"replies":[{"embeddable":true,"href":"https:\/\/espalet.devecomputer.com\/fr\/wp-json\/wp\/v2\/comments?post=32"}],"version-history":[{"count":2,"href":"https:\/\/espalet.devecomputer.com\/fr\/wp-json\/wp\/v2\/pages\/32\/revisions"}],"predecessor-version":[{"id":1503,"href":"https:\/\/espalet.devecomputer.com\/fr\/wp-json\/wp\/v2\/pages\/32\/revisions\/1503"}],"up":[{"embeddable":true,"href":"https:\/\/espalet.devecomputer.com\/fr\/wp-json\/wp\/v2\/pages\/30"}],"wp:attachment":[{"href":"https:\/\/espalet.devecomputer.com\/fr\/wp-json\/wp\/v2\/media?parent=32"}],"curies":[{"name":"wp","href":"https:\/\/api.w.org\/{rel}","templated":true}]}}