{"id":30,"date":"2015-01-28T13:20:53","date_gmt":"2015-01-28T12:20:53","guid":{"rendered":"https:\/\/espalet.devecomputer.com\/fr\/?page_id=30"},"modified":"2022-07-26T12:46:59","modified_gmt":"2022-07-26T10:46:59","slug":"projets","status":"publish","type":"page","link":"https:\/\/espalet.devecomputer.com\/fr\/projets\/","title":{"rendered":"Projets"},"content":{"rendered":"<h3><img class=\"ngg_displayed_gallery mceItem\" src=\"https:\/\/espalet.devecomputer.com\/fr\/nextgen-attach_to_post\/preview\/id--212\" alt=\"\" \/><strong>Le GECT Espace Pourtalet, organisme public dissout le 05 mai 2021, a \u00e9t\u00e9 une structure transfrontali\u00e8re active de 2011 \u00e0 2021. Ayant h\u00e9rit\u00e9 les droits et obligations de l\u2019ancienne structure, le <a href=\"https:\/\/www.pirineos-pyrenees.eu\/\" target=\"_blank\" rel=\"noopener noreferrer\">GECT Pirineos-Pyr\u00e9n\u00e9es<\/a> lui succ\u00e8de aujourd\u2019hui.<\/strong><\/h3>\n<p>Le GECT Espace Pourtalet a r\u00e9alis\u00e9 le projet ESPALET dans la p\u00e9riode 2007-2013 du POCTEFA (Programme Op\u00e9rationnel de Coop\u00e9ration Territoriale ESPAGNE-FRANCE-ANDORRE), un programme de coop\u00e9ration territoriale europ\u00e9enne cr\u00e9\u00e9 pour promouvoir le d\u00e9veloppement durable du territoire frontalier entre les trois pays.<\/p>\n<p>En 2019 le projet INTURPYR et en 2020 le projet SECURUS-1 sont termin\u00e9s, tous deux dans la p\u00e9riode 2014-2020 du POCTEFA (Programme Op\u00e9rationnel de Coop\u00e9ration Territoriale ESPAGNE-FRANCE-ANDORRE).<\/p>\n<p>Le GECT travaille actuellement sur le projet SECURUS-2, jusqu&rsquo;\u00e0 fin 2021, dans la p\u00e9riode 2014-2020 du POCTEFA (Programme Op\u00e9rationnel de Coop\u00e9ration Territoriale ESPAGNE-FRANCE-ANDORRE) et sur le projet PHUSICOS, jusqu&rsquo;en 2023, dans le cadre du programme HORIZON 2020 qui finance des projets de recherche et d&rsquo;innovation.<\/p>\n<p>&nbsp;<\/p>\n","protected":false},"excerpt":{"rendered":"<p>Le GECT Espace Pourtalet, organisme public dissout le 05 mai 2021, a \u00e9t\u00e9 une structure transfrontali\u00e8re active de 2011 \u00e0 2021. Ayant h\u00e9rit\u00e9 les droits et obligations de l\u2019ancienne structure, le GECT Pirineos-Pyr\u00e9n\u00e9es lui succ\u00e8de aujourd\u2019hui. Le GECT Espace Pourtalet a r\u00e9alis\u00e9 le projet ESPALET dans la p\u00e9riode 2007-2013 du POCTEFA (Programme Op\u00e9rationnel de Coop\u00e9ration [&hellip;]<\/p>\n","protected":false},"author":1,"featured_media":0,"parent":0,"menu_order":7,"comment_status":"open","ping_status":"open","template":"","meta":[],"_links":{"self":[{"href":"https:\/\/espalet.devecomputer.com\/fr\/wp-json\/wp\/v2\/pages\/30"}],"collection":[{"href":"https:\/\/espalet.devecomputer.com\/fr\/wp-json\/wp\/v2\/pages"}],"about":[{"href":"https:\/\/espalet.devecomputer.com\/fr\/wp-json\/wp\/v2\/types\/page"}],"author":[{"embeddable":true,"href":"https:\/\/espalet.devecomputer.com\/fr\/wp-json\/wp\/v2\/users\/1"}],"replies":[{"embeddable":true,"href":"https:\/\/espalet.devecomputer.com\/fr\/wp-json\/wp\/v2\/comments?post=30"}],"version-history":[{"count":3,"href":"https:\/\/espalet.devecomputer.com\/fr\/wp-json\/wp\/v2\/pages\/30\/revisions"}],"predecessor-version":[{"id":1498,"href":"https:\/\/espalet.devecomputer.com\/fr\/wp-json\/wp\/v2\/pages\/30\/revisions\/1498"}],"wp:attachment":[{"href":"https:\/\/espalet.devecomputer.com\/fr\/wp-json\/wp\/v2\/media?parent=30"}],"curies":[{"name":"wp","href":"https:\/\/api.w.org\/{rel}","templated":true}]}}