{"id":29,"date":"2015-01-28T13:12:19","date_gmt":"2015-01-28T12:12:19","guid":{"rendered":"https:\/\/espalet.devecomputer.com\/fr\/?page_id=29"},"modified":"2022-07-26T12:46:07","modified_gmt":"2022-07-26T10:46:07","slug":"convention-et-statut","status":"publish","type":"page","link":"https:\/\/espalet.devecomputer.com\/fr\/gect-espace-portalet\/convention-et-statut\/","title":{"rendered":"Convention et statut"},"content":{"rendered":"<h3><img class=\"ngg_displayed_gallery mceItem\" src=\"https:\/\/espalet.devecomputer.com\/fr\/nextgen-attach_to_post\/preview\/id--212\" alt=\"\" \/><strong>Le GECT Espace Pourtalet, organisme public dissout le 05 mai 2021, a \u00e9t\u00e9 une structure transfrontali\u00e8re active de 2011 \u00e0 2021. Ayant h\u00e9rit\u00e9 les droits et obligations de l\u2019ancienne structure, le <a href=\"https:\/\/www.pirineos-pyrenees.eu\/\" target=\"_blank\" rel=\"noopener noreferrer\">GECT Pirineos-Pyr\u00e9n\u00e9es<\/a> lui succ\u00e8de aujourd\u2019hui.<\/strong><\/h3>\n<ul>\n<li style=\"text-align: justify;\">Convention entre la Communaut\u00e9 Autonome d\u2019Aragon (Espagne) et le D\u00e9partement des Pyr\u00e9n\u00e9es-Atlantiques (France) pour la cr\u00e9ation du Groupement Europ\u00e9en de Coop\u00e9ration Territoriale \u00ab Espace Pourtalet \u00bb (Sabi\u00f1\u00e1nigo, le 19 mai 2011).<\/li>\n<li style=\"text-align: justify;\">Statuts du Groupement Europ\u00e9en de Coop\u00e9ration Territoriale \u00abEspace Pourtalet\u00bb (Sabi\u00f1\u00e1nigo, le 19 mai 2011).\n<ul>\n<li style=\"text-align: justify;\"><a href=\"https:\/\/espalet.devecomputer.com\/fr\/wp-content\/uploads\/sites\/2\/2015\/01\/Convention-statuts-Pourtalet-fr.pdf\">Convention et Statuts du GETC Espace Pourtalet<\/a><a href=\"..\/FitxersWeb\/31897\/Convention%20du%20GETC%20Espace%20Pourtalet.pdf\" target=\"_blank\" rel=\"noopener noreferrer\">\u00a0<img loading=\"lazy\" src=\"..\/FitxersWeb\/20\/pdf.png\" alt=\"\" width=\"17\" height=\"17\" \/><\/a><\/li>\n<\/ul>\n<\/li>\n<\/ul>\n","protected":false},"excerpt":{"rendered":"<p>Le GECT Espace Pourtalet, organisme public dissout le 05 mai 2021, a \u00e9t\u00e9 une structure transfrontali\u00e8re active de 2011 \u00e0 2021. Ayant h\u00e9rit\u00e9 les droits et obligations de l\u2019ancienne structure, le GECT Pirineos-Pyr\u00e9n\u00e9es lui succ\u00e8de aujourd\u2019hui. Convention entre la Communaut\u00e9 Autonome d\u2019Aragon (Espagne) et le D\u00e9partement des Pyr\u00e9n\u00e9es-Atlantiques (France) pour la cr\u00e9ation du Groupement Europ\u00e9en [&hellip;]<\/p>\n","protected":false},"author":1,"featured_media":0,"parent":24,"menu_order":5,"comment_status":"open","ping_status":"open","template":"","meta":[],"_links":{"self":[{"href":"https:\/\/espalet.devecomputer.com\/fr\/wp-json\/wp\/v2\/pages\/29"}],"collection":[{"href":"https:\/\/espalet.devecomputer.com\/fr\/wp-json\/wp\/v2\/pages"}],"about":[{"href":"https:\/\/espalet.devecomputer.com\/fr\/wp-json\/wp\/v2\/types\/page"}],"author":[{"embeddable":true,"href":"https:\/\/espalet.devecomputer.com\/fr\/wp-json\/wp\/v2\/users\/1"}],"replies":[{"embeddable":true,"href":"https:\/\/espalet.devecomputer.com\/fr\/wp-json\/wp\/v2\/comments?post=29"}],"version-history":[{"count":1,"href":"https:\/\/espalet.devecomputer.com\/fr\/wp-json\/wp\/v2\/pages\/29\/revisions"}],"predecessor-version":[{"id":1497,"href":"https:\/\/espalet.devecomputer.com\/fr\/wp-json\/wp\/v2\/pages\/29\/revisions\/1497"}],"up":[{"embeddable":true,"href":"https:\/\/espalet.devecomputer.com\/fr\/wp-json\/wp\/v2\/pages\/24"}],"wp:attachment":[{"href":"https:\/\/espalet.devecomputer.com\/fr\/wp-json\/wp\/v2\/media?parent=29"}],"curies":[{"name":"wp","href":"https:\/\/api.w.org\/{rel}","templated":true}]}}