{"id":28,"date":"2015-01-28T13:12:00","date_gmt":"2015-01-28T12:12:00","guid":{"rendered":"https:\/\/espalet.devecomputer.com\/fr\/?page_id=28"},"modified":"2022-07-26T12:45:50","modified_gmt":"2022-07-26T10:45:50","slug":"objectifs","status":"publish","type":"page","link":"https:\/\/espalet.devecomputer.com\/fr\/gect-espace-portalet\/objectifs\/","title":{"rendered":"Objectifs"},"content":{"rendered":"<h3><img class=\"ngg_displayed_gallery mceItem\" src=\"https:\/\/espalet.devecomputer.com\/fr\/nextgen-attach_to_post\/preview\/id--212\" alt=\"\" \/><strong>Le GECT Espace Pourtalet, organisme public dissout le 05 mai 2021, a \u00e9t\u00e9 une structure transfrontali\u00e8re active de 2011 \u00e0 2021. Ayant h\u00e9rit\u00e9 les droits et obligations de l\u2019ancienne structure, le <a href=\"https:\/\/www.pirineos-pyrenees.eu\/\" target=\"_blank\" rel=\"noopener noreferrer\">GECT Pirineos-Pyr\u00e9n\u00e9es<\/a> lui succ\u00e8de aujourd\u2019hui.<\/strong><\/h3>\n<p style=\"text-align: justify;\">Le GECT Espace Pourtalet a pour objet de r\u00e9aliser et g\u00e9rer, dans une perspective de d\u00e9veloppement durable, les projets et les actions de coop\u00e9ration territoriale approuv\u00e9s par ses membres, dans le but de renforcer la coh\u00e9sion \u00e9conomique et sociale.<\/p>\n<p style=\"text-align: justify;\">En particulier, le GECT doit d\u00e9velopper toutes les actions n\u00e9cessaires pour la gestion du passage transfrontalier du Pourtalet, pour assurer le bon \u00e9tat et l\u2019entretien correct de l\u2019infrastructure, sp\u00e9cialement en mati\u00e8re de viabilit\u00e9 hivernale.<\/p>\n<h2 style=\"text-align: justify;\">Missions<\/h2>\n<ul>\n<li style=\"text-align: justify;\"><strong>Entretien de l\u2019itin\u00e9raire transfrontalier du Pourtalet<\/strong>, c\u2019est-\u00e0-dire:\n<ul>\n<li style=\"text-align: justify;\">Les 29 km. de la route d\u00e9partementale RD 934 du versant fran\u00e7ais du col du Pourtalet jusqu\u2019\u00e0 Laruns.<\/li>\n<li style=\"text-align: justify;\">Les 27 km. de la route autonomique A-136 du versant espagnol du col du Pourtalet jusqu\u2019\u00e0 Biescas.<\/li>\n<\/ul>\n<\/li>\n<li style=\"text-align: justify;\">Identification, promotion et mise en marche de programmes, projets et actions conjointes de coop\u00e9ration territoriale d\u2019int\u00e9r\u00eat pour ses membres, sp\u00e9cialement dans les domaines suivants:\n<ul>\n<li style=\"text-align: justify;\"><strong><strong>D\u00e9veloppement du tourisme.<\/strong><\/strong><\/li>\n<li style=\"text-align: justify;\"><strong><strong>Accessibilit\u00e9.<\/strong><\/strong><\/li>\n<li style=\"text-align: justify;\"><strong><strong>Patrimoine et culture.<\/strong><\/strong><\/li>\n<li style=\"text-align: justify;\"><strong>D\u00e9veloppement des activit\u00e9s \u00e9conomiques d\u2019int\u00e9r\u00eat commun<\/strong>.<\/li>\n<\/ul>\n<\/li>\n<\/ul>\n<p style=\"text-align: justify;\">Le GECT peut mener sa mission dans l\u2019ensemble des territoires du D\u00e9partement des Pyr\u00e9n\u00e9es-Atlantiques et de la Communaut\u00e9 Autonome d\u2019Aragon, toujours dans le cadre de r\u00e9alisation de projets de coop\u00e9ration territoriale, en agissant dans le champ de comp\u00e9tences de chaque membre.<\/p>\n<p>&nbsp;<\/p>\n","protected":false},"excerpt":{"rendered":"<p>Le GECT Espace Pourtalet, organisme public dissout le 05 mai 2021, a \u00e9t\u00e9 une structure transfrontali\u00e8re active de 2011 \u00e0 2021. Ayant h\u00e9rit\u00e9 les droits et obligations de l\u2019ancienne structure, le GECT Pirineos-Pyr\u00e9n\u00e9es lui succ\u00e8de aujourd\u2019hui. Le GECT Espace Pourtalet a pour objet de r\u00e9aliser et g\u00e9rer, dans une perspective de d\u00e9veloppement durable, les projets [&hellip;]<\/p>\n","protected":false},"author":1,"featured_media":0,"parent":24,"menu_order":4,"comment_status":"open","ping_status":"open","template":"","meta":[],"_links":{"self":[{"href":"https:\/\/espalet.devecomputer.com\/fr\/wp-json\/wp\/v2\/pages\/28"}],"collection":[{"href":"https:\/\/espalet.devecomputer.com\/fr\/wp-json\/wp\/v2\/pages"}],"about":[{"href":"https:\/\/espalet.devecomputer.com\/fr\/wp-json\/wp\/v2\/types\/page"}],"author":[{"embeddable":true,"href":"https:\/\/espalet.devecomputer.com\/fr\/wp-json\/wp\/v2\/users\/1"}],"replies":[{"embeddable":true,"href":"https:\/\/espalet.devecomputer.com\/fr\/wp-json\/wp\/v2\/comments?post=28"}],"version-history":[{"count":2,"href":"https:\/\/espalet.devecomputer.com\/fr\/wp-json\/wp\/v2\/pages\/28\/revisions"}],"predecessor-version":[{"id":1496,"href":"https:\/\/espalet.devecomputer.com\/fr\/wp-json\/wp\/v2\/pages\/28\/revisions\/1496"}],"up":[{"embeddable":true,"href":"https:\/\/espalet.devecomputer.com\/fr\/wp-json\/wp\/v2\/pages\/24"}],"wp:attachment":[{"href":"https:\/\/espalet.devecomputer.com\/fr\/wp-json\/wp\/v2\/media?parent=28"}],"curies":[{"name":"wp","href":"https:\/\/api.w.org\/{rel}","templated":true}]}}