{"id":27,"date":"2015-01-28T13:11:45","date_gmt":"2015-01-28T12:11:45","guid":{"rendered":"https:\/\/espalet.devecomputer.com\/fr\/?page_id=27"},"modified":"2022-07-26T12:44:47","modified_gmt":"2022-07-26T10:44:47","slug":"structure-fonctionnement","status":"publish","type":"page","link":"https:\/\/espalet.devecomputer.com\/fr\/gect-espace-portalet\/structure-fonctionnement\/","title":{"rendered":"Structure et fonctionnement"},"content":{"rendered":"<h3><img class=\"ngg_displayed_gallery mceItem\" src=\"https:\/\/espalet.devecomputer.com\/fr\/nextgen-attach_to_post\/preview\/id--212\" alt=\"\" \/><strong>Le GECT Espace Pourtalet, organisme public dissout le 05 mai 2021, a \u00e9t\u00e9 une structure transfrontali\u00e8re active de 2011 \u00e0 2021. Ayant h\u00e9rit\u00e9 les droits et obligations de l\u2019ancienne structure, le <a href=\"https:\/\/www.pirineos-pyrenees.eu\/\" target=\"_blank\" rel=\"noopener noreferrer\">GECT Pirineos-Pyr\u00e9n\u00e9es<\/a> lui succ\u00e8de aujourd\u2019hui.<\/strong><\/h3>\n<h3 style=\"text-align: justify;\">Assembl\u00e9e<\/h3>\n<p style=\"text-align: left;\">L\u2019Assembl\u00e9e du GECT Espace Pourtalet est compos\u00e9e par huit repr\u00e9sentants titulaires et huit suppl\u00e9ants du D\u00e9partement des Pyr\u00e9n\u00e9es-Atlantiques et par huit repr\u00e9sentants titulaires et huit suppl\u00e9ants de la Communaut\u00e9 Autonome d\u2019Aragon.<\/p>\n<h3 style=\"text-align: justify;\">Pr\u00e9sidence<\/h3>\n<p style=\"text-align: left;\">La Pr\u00e9sidence est occup\u00e9e de fa\u00e7on alternative par chacune des entit\u00e9s associ\u00e9es pendant une p\u00e9riode de deux ans, qui pourra \u00eatre prorog\u00e9e exceptionnellement pour un an au maximum. Le poste de Pr\u00e9sident\/e du GECT revient \u00e0 un membre de l\u2019Assembl\u00e9e d\u00e9sign\u00e9 par l\u2019entit\u00e9 territoriale qui d\u00e9tient la Pr\u00e9sidence.<\/p>\n<h3 style=\"text-align: left;\">\u00a0Comit\u00e9 Technique<\/h3>\n<p style=\"text-align: left;\">Cr\u00e9\u00e9 au sein de la premi\u00e8re Assembl\u00e9e du GECT Espace Pourtalet, qui a eu lieu le 22 d\u00e9cembre 2011, le Comit\u00e9 Technique est compos\u00e9 par quatre repr\u00e9sentants d\u00e9sign\u00e9s par le D\u00e9partement des Pyr\u00e9n\u00e9es-Atlantiques et par quatre repr\u00e9sentants nomm\u00e9s par la Communaut\u00e9 Autonome d\u2019Aragon.<\/p>\n<h3 style=\"text-align: left;\">\u00a0<strong>Direction<\/strong><\/h3>\n<p style=\"text-align: justify;\">Le poste de Directeur\/trice est d\u00e9sign\u00e9 par l\u2019Assembl\u00e9e.<\/p>\n<h3 style=\"text-align: left;\">Organigramme<\/h3>\n<p><img loading=\"lazy\" class=\"alignleft size-medium wp-image-68\" src=\"https:\/\/espalet.devecomputer.com\/fr\/wp-content\/uploads\/sites\/2\/2015\/01\/grafico_organigramme-600x221.png\" alt=\"Organigramme\" width=\"600\" height=\"221\" \/><\/p>\n<p style=\"text-align: center;\">\n","protected":false},"excerpt":{"rendered":"<p>Le GECT Espace Pourtalet, organisme public dissout le 05 mai 2021, a \u00e9t\u00e9 une structure transfrontali\u00e8re active de 2011 \u00e0 2021. Ayant h\u00e9rit\u00e9 les droits et obligations de l\u2019ancienne structure, le GECT Pirineos-Pyr\u00e9n\u00e9es lui succ\u00e8de aujourd\u2019hui. Assembl\u00e9e L\u2019Assembl\u00e9e du GECT Espace Pourtalet est compos\u00e9e par huit repr\u00e9sentants titulaires et huit suppl\u00e9ants du D\u00e9partement des Pyr\u00e9n\u00e9es-Atlantiques [&hellip;]<\/p>\n","protected":false},"author":1,"featured_media":0,"parent":24,"menu_order":3,"comment_status":"open","ping_status":"open","template":"","meta":[],"_links":{"self":[{"href":"https:\/\/espalet.devecomputer.com\/fr\/wp-json\/wp\/v2\/pages\/27"}],"collection":[{"href":"https:\/\/espalet.devecomputer.com\/fr\/wp-json\/wp\/v2\/pages"}],"about":[{"href":"https:\/\/espalet.devecomputer.com\/fr\/wp-json\/wp\/v2\/types\/page"}],"author":[{"embeddable":true,"href":"https:\/\/espalet.devecomputer.com\/fr\/wp-json\/wp\/v2\/users\/1"}],"replies":[{"embeddable":true,"href":"https:\/\/espalet.devecomputer.com\/fr\/wp-json\/wp\/v2\/comments?post=27"}],"version-history":[{"count":1,"href":"https:\/\/espalet.devecomputer.com\/fr\/wp-json\/wp\/v2\/pages\/27\/revisions"}],"predecessor-version":[{"id":1494,"href":"https:\/\/espalet.devecomputer.com\/fr\/wp-json\/wp\/v2\/pages\/27\/revisions\/1494"}],"up":[{"embeddable":true,"href":"https:\/\/espalet.devecomputer.com\/fr\/wp-json\/wp\/v2\/pages\/24"}],"wp:attachment":[{"href":"https:\/\/espalet.devecomputer.com\/fr\/wp-json\/wp\/v2\/media?parent=27"}],"curies":[{"name":"wp","href":"https:\/\/api.w.org\/{rel}","templated":true}]}}