{"id":26,"date":"2015-01-28T13:11:18","date_gmt":"2015-01-28T12:11:18","guid":{"rendered":"https:\/\/espalet.devecomputer.com\/fr\/?page_id=26"},"modified":"2022-07-26T12:43:24","modified_gmt":"2022-07-26T10:43:24","slug":"le-gect","status":"publish","type":"page","link":"https:\/\/espalet.devecomputer.com\/fr\/gect-espace-portalet\/le-gect\/","title":{"rendered":"Le GECT"},"content":{"rendered":"<p><img class=\"ngg_displayed_gallery mceItem\" src=\"https:\/\/espalet.devecomputer.com\/fr\/nextgen-attach_to_post\/preview\/id--212\" alt=\"\" \/><strong>Le GECT Espace Pourtalet, organisme public dissout le 05 mai 2021, a \u00e9t\u00e9 une structure transfrontali\u00e8re active de 2011 \u00e0 2021. Ayant h\u00e9rit\u00e9 les droits et obligations de l\u2019ancienne structure, le <a href=\"https:\/\/www.pirineos-pyrenees.eu\/\" target=\"_blank\" rel=\"noopener noreferrer\">GECT Pirineos-Pyr\u00e9n\u00e9es<\/a> lui succ\u00e8de aujourd\u2019hui.<\/strong><\/p>\n<p>Le Groupement Europ\u00e9en de Coop\u00e9ration Territoriale (GECT) Espace Pourtalet est une institution de proximit\u00e9 europ\u00e9enne qui a \u00e9t\u00e9 lanc\u00e9 comme un outil pour la coop\u00e9ration territoriale et la collaboration entre les acteurs publics et \/ ou priv\u00e9s d\u00e9partement des Pyr\u00e9n\u00e9es Atlantiques et de l&rsquo;Aragon.<\/p>\n","protected":false},"excerpt":{"rendered":"<p>Le GECT Espace Pourtalet, organisme public dissout le 05 mai 2021, a \u00e9t\u00e9 une structure transfrontali\u00e8re active de 2011 \u00e0 2021. Ayant h\u00e9rit\u00e9 les droits et obligations de l\u2019ancienne structure, le GECT Pirineos-Pyr\u00e9n\u00e9es lui succ\u00e8de aujourd\u2019hui. Le Groupement Europ\u00e9en de Coop\u00e9ration Territoriale (GECT) Espace Pourtalet est une institution de proximit\u00e9 europ\u00e9enne qui a \u00e9t\u00e9 lanc\u00e9 [&hellip;]<\/p>\n","protected":false},"author":1,"featured_media":0,"parent":24,"menu_order":1,"comment_status":"open","ping_status":"open","template":"","meta":[],"_links":{"self":[{"href":"https:\/\/espalet.devecomputer.com\/fr\/wp-json\/wp\/v2\/pages\/26"}],"collection":[{"href":"https:\/\/espalet.devecomputer.com\/fr\/wp-json\/wp\/v2\/pages"}],"about":[{"href":"https:\/\/espalet.devecomputer.com\/fr\/wp-json\/wp\/v2\/types\/page"}],"author":[{"embeddable":true,"href":"https:\/\/espalet.devecomputer.com\/fr\/wp-json\/wp\/v2\/users\/1"}],"replies":[{"embeddable":true,"href":"https:\/\/espalet.devecomputer.com\/fr\/wp-json\/wp\/v2\/comments?post=26"}],"version-history":[{"count":1,"href":"https:\/\/espalet.devecomputer.com\/fr\/wp-json\/wp\/v2\/pages\/26\/revisions"}],"predecessor-version":[{"id":1492,"href":"https:\/\/espalet.devecomputer.com\/fr\/wp-json\/wp\/v2\/pages\/26\/revisions\/1492"}],"up":[{"embeddable":true,"href":"https:\/\/espalet.devecomputer.com\/fr\/wp-json\/wp\/v2\/pages\/24"}],"wp:attachment":[{"href":"https:\/\/espalet.devecomputer.com\/fr\/wp-json\/wp\/v2\/media?parent=26"}],"curies":[{"name":"wp","href":"https:\/\/api.w.org\/{rel}","templated":true}]}}