{"id":25,"date":"2015-01-28T13:11:00","date_gmt":"2015-01-28T12:11:00","guid":{"rendered":"https:\/\/espalet.devecomputer.com\/fr\/?page_id=25"},"modified":"2022-07-26T12:43:36","modified_gmt":"2022-07-26T10:43:36","slug":"membres","status":"publish","type":"page","link":"https:\/\/espalet.devecomputer.com\/fr\/gect-espace-portalet\/membres\/","title":{"rendered":"Membres"},"content":{"rendered":"<p><img class=\"ngg_displayed_gallery mceItem\" src=\"https:\/\/espalet.devecomputer.com\/fr\/nextgen-attach_to_post\/preview\/id--212\" alt=\"\" \/><strong>Le GECT Espace Pourtalet, organisme public dissout le 05 mai 2021, a \u00e9t\u00e9 une structure transfrontali\u00e8re active de 2011 \u00e0 2021. Ayant h\u00e9rit\u00e9 les droits et obligations de l\u2019ancienne structure, le <a href=\"https:\/\/www.pirineos-pyrenees.eu\/\" target=\"_blank\" rel=\"noopener noreferrer\">GECT Pirineos-Pyr\u00e9n\u00e9es<\/a> lui succ\u00e8de aujourd\u2019hui.<\/strong><\/p>\n<p>Le GECT Espace Pourtalet est constitu\u00e9 par le D\u00e9partement des Pyr\u00e9n\u00e9es-Atlantiques (France) et par la Communaut\u00e9 Autonome d\u2019Aragon (Espagne).<\/p>\n<p><a class=\"lef\" href=\"http:\/\/www.aragon.es\"><img loading=\"lazy\" class=\" size-full wp-image-202 alignnone\" src=\"https:\/\/espalet.devecomputer.com\/wp-content\/uploads\/2014\/12\/dga_logo.jpg\" alt=\"Gobierno de Arag\u00f3n\" width=\"200\" height=\"60\" \/><\/a> <a class=\"lef lef30px\" href=\"http:\/\/www.cg64.fr\"> <img loading=\"lazy\" class=\" wp-image-202 alignnone\" src=\"https:\/\/espalet.devecomputer.com\/fr\/wp-content\/uploads\/sites\/2\/2015\/01\/logo-600x545.jpg\" alt=\"logo\" width=\"179\" height=\"161\" \/><\/a><\/p>\n","protected":false},"excerpt":{"rendered":"<p>Le GECT Espace Pourtalet, organisme public dissout le 05 mai 2021, a \u00e9t\u00e9 une structure transfrontali\u00e8re active de 2011 \u00e0 2021. Ayant h\u00e9rit\u00e9 les droits et obligations de l\u2019ancienne structure, le GECT Pirineos-Pyr\u00e9n\u00e9es lui succ\u00e8de aujourd\u2019hui. Le GECT Espace Pourtalet est constitu\u00e9 par le D\u00e9partement des Pyr\u00e9n\u00e9es-Atlantiques (France) et par la Communaut\u00e9 Autonome d\u2019Aragon (Espagne).<\/p>\n","protected":false},"author":1,"featured_media":0,"parent":24,"menu_order":2,"comment_status":"open","ping_status":"open","template":"","meta":[],"_links":{"self":[{"href":"https:\/\/espalet.devecomputer.com\/fr\/wp-json\/wp\/v2\/pages\/25"}],"collection":[{"href":"https:\/\/espalet.devecomputer.com\/fr\/wp-json\/wp\/v2\/pages"}],"about":[{"href":"https:\/\/espalet.devecomputer.com\/fr\/wp-json\/wp\/v2\/types\/page"}],"author":[{"embeddable":true,"href":"https:\/\/espalet.devecomputer.com\/fr\/wp-json\/wp\/v2\/users\/1"}],"replies":[{"embeddable":true,"href":"https:\/\/espalet.devecomputer.com\/fr\/wp-json\/wp\/v2\/comments?post=25"}],"version-history":[{"count":1,"href":"https:\/\/espalet.devecomputer.com\/fr\/wp-json\/wp\/v2\/pages\/25\/revisions"}],"predecessor-version":[{"id":1493,"href":"https:\/\/espalet.devecomputer.com\/fr\/wp-json\/wp\/v2\/pages\/25\/revisions\/1493"}],"up":[{"embeddable":true,"href":"https:\/\/espalet.devecomputer.com\/fr\/wp-json\/wp\/v2\/pages\/24"}],"wp:attachment":[{"href":"https:\/\/espalet.devecomputer.com\/fr\/wp-json\/wp\/v2\/media?parent=25"}],"curies":[{"name":"wp","href":"https:\/\/api.w.org\/{rel}","templated":true}]}}