{"id":24,"date":"2015-01-28T13:10:39","date_gmt":"2015-01-28T12:10:39","guid":{"rendered":"https:\/\/espalet.devecomputer.com\/fr\/?page_id=24"},"modified":"2022-07-26T12:38:43","modified_gmt":"2022-07-26T10:38:43","slug":"gect-espace-portalet","status":"publish","type":"page","link":"https:\/\/espalet.devecomputer.com\/fr\/gect-espace-portalet\/","title":{"rendered":"GECT Espace Portalet"},"content":{"rendered":"<p><img class=\"ngg_displayed_gallery mceItem\" src=\"https:\/\/espalet.devecomputer.com\/fr\/nextgen-attach_to_post\/preview\/id--212\" alt=\"\" \/><strong>Le GECT Espace Pourtalet, organisme public dissout le 05 mai 2021, a \u00e9t\u00e9 une structure transfrontali\u00e8re active de 2011 \u00e0 2021. Ayant h\u00e9rit\u00e9 les droits et obligations de l\u2019ancienne structure, le <a href=\"https:\/\/www.pirineos-pyrenees.eu\/\" target=\"_blank\" rel=\"noopener noreferrer\">GECT Pirineos-Pyr\u00e9n\u00e9es<\/a> lui succ\u00e8de aujourd\u2019hui.<\/strong><\/p>\n<p>Le processus de construction europ\u00e9enne de proximit\u00e9 a mis en \u00e9vidence, ces derni\u00e8res ann\u00e9es, le besoin d\u2019approfondir la coop\u00e9ration transfrontali\u00e8re par des relations d\u2019\u00e9change et par la mise en marche de projets communs qui permettent le d\u00e9veloppement conjoint d\u2019un espace situ\u00e9 des deux c\u00f4t\u00e9s de la fronti\u00e8re, ainsi que l\u2019am\u00e9lioration de la coh\u00e9sion \u00e9conomique, sociale et territoriale de cet espace.<\/p>\n<p>C\u2019est pourquoi, le D\u00e9partement des Pyr\u00e9n\u00e9es-Atlantiques et la Communaut\u00e9 Autonome d\u2019Aragon ont cr\u00e9\u00e9, le 19 mai 2011, le Groupement Europ\u00e9en de Coop\u00e9ration Territoriale (GECT) \u201cEspace Pourtalet\u201d, instrument visant \u00e0 favoriser le d\u00e9veloppement d\u2019initiatives de collaboration transfrontali\u00e8re et \u00e0 avancer vers une gestion coordonn\u00e9e, coh\u00e9rente et plus efficiente des deux zones limitrophes. L\u2019une des actions prioritaires est l\u2019am\u00e9lioration de l\u2019entretien de la voie transpyr\u00e9n\u00e9enne qui traverse le col du Pourtalet \u00e0 1.795 m. d\u2019altitude.<\/p>\n","protected":false},"excerpt":{"rendered":"<p>Le GECT Espace Pourtalet, organisme public dissout le 05 mai 2021, a \u00e9t\u00e9 une structure transfrontali\u00e8re active de 2011 \u00e0 2021. Ayant h\u00e9rit\u00e9 les droits et obligations de l\u2019ancienne structure, le GECT Pirineos-Pyr\u00e9n\u00e9es lui succ\u00e8de aujourd\u2019hui. Le processus de construction europ\u00e9enne de proximit\u00e9 a mis en \u00e9vidence, ces derni\u00e8res ann\u00e9es, le besoin d\u2019approfondir la coop\u00e9ration [&hellip;]<\/p>\n","protected":false},"author":1,"featured_media":0,"parent":0,"menu_order":6,"comment_status":"open","ping_status":"open","template":"","meta":[],"_links":{"self":[{"href":"https:\/\/espalet.devecomputer.com\/fr\/wp-json\/wp\/v2\/pages\/24"}],"collection":[{"href":"https:\/\/espalet.devecomputer.com\/fr\/wp-json\/wp\/v2\/pages"}],"about":[{"href":"https:\/\/espalet.devecomputer.com\/fr\/wp-json\/wp\/v2\/types\/page"}],"author":[{"embeddable":true,"href":"https:\/\/espalet.devecomputer.com\/fr\/wp-json\/wp\/v2\/users\/1"}],"replies":[{"embeddable":true,"href":"https:\/\/espalet.devecomputer.com\/fr\/wp-json\/wp\/v2\/comments?post=24"}],"version-history":[{"count":2,"href":"https:\/\/espalet.devecomputer.com\/fr\/wp-json\/wp\/v2\/pages\/24\/revisions"}],"predecessor-version":[{"id":1491,"href":"https:\/\/espalet.devecomputer.com\/fr\/wp-json\/wp\/v2\/pages\/24\/revisions\/1491"}],"wp:attachment":[{"href":"https:\/\/espalet.devecomputer.com\/fr\/wp-json\/wp\/v2\/media?parent=24"}],"curies":[{"name":"wp","href":"https:\/\/api.w.org\/{rel}","templated":true}]}}