{"id":1219,"date":"2020-06-17T12:49:32","date_gmt":"2020-06-17T10:49:32","guid":{"rendered":"https:\/\/espalet.devecomputer.com\/fr\/?page_id=1219"},"modified":"2022-07-26T12:47:39","modified_gmt":"2022-07-26T10:47:39","slug":"phusicos","status":"publish","type":"page","link":"https:\/\/espalet.devecomputer.com\/fr\/projets\/phusicos\/","title":{"rendered":"PHUSICOS"},"content":{"rendered":"<h3><img class=\"ngg_displayed_gallery mceItem\" src=\"https:\/\/espalet.devecomputer.com\/fr\/nextgen-attach_to_post\/preview\/id--212\" alt=\"\" \/><strong>Le GECT Espace Pourtalet, organisme public dissout le 05 mai 2021, a \u00e9t\u00e9 une structure transfrontali\u00e8re active de 2011 \u00e0 2021. Ayant h\u00e9rit\u00e9 les droits et obligations de l\u2019ancienne structure, le <a href=\"https:\/\/www.pirineos-pyrenees.eu\/\" target=\"_blank\" rel=\"noopener noreferrer\">GECT Pirineos-Pyr\u00e9n\u00e9es<\/a> lui succ\u00e8de aujourd\u2019hui.<\/strong><\/h3>\n<p>Solutions pour r\u00e9duire les risques en montagne.<\/p>\n<p>PHUSICOS &#8211; \u00ab\u00a0Accord avec la nature\u00a0\u00bb en grec &#8211; est financ\u00e9 par le programme Horizon 2020 de l&rsquo;UE. D\u00e9montrer comment les solutions bas\u00e9es sur la nature fournissent des mesures robustes, durables et rentables pour r\u00e9duire le risque d&rsquo;\u00e9v\u00e9nements m\u00e9t\u00e9orologiques extr\u00eames dans les paysages de montagne ruraux.<\/p>\n<p style=\"text-align: center;\"><a href=\"https:\/\/phusicos.eu\/\" target=\"_blank\" rel=\"noopener noreferrer\"><img loading=\"lazy\" class=\"alignnone size-medium wp-image-2001\" src=\"https:\/\/espalet.devecomputer.com\/wp-content\/uploads\/2020\/06\/logo-phusicos-300x300.png\" alt=\"\" width=\"300\" height=\"300\" \/><\/a><\/p>\n<p style=\"text-align: center;\"><a href=\"https:\/\/phusicos.eu\/\" target=\"_blank\" rel=\"noopener noreferrer\">Site web du projet<\/a><\/p>\n<p>Le GECT Espacio Portalet en collaboration avec le Conseil d\u00e9partemental des Pyr\u00e9n\u00e9es Atlantiques (CDPA) et le Gouvernement d&rsquo;Aragon (GA) veulent am\u00e9liorer la s\u00e9curit\u00e9 de la RD 934, de Laruns au Col du Pourtalet, et de l&rsquo;A-136 c\u00f4t\u00e9 aragonais, \u00e0 partir d\u00e8s m\u00eame Col \u00e0 Biescas. Ces routes, sur environ 60 km, sont expos\u00e9es \u00e0 de nombreux risques hydrom\u00e9t\u00e9orologiques n\u00e9gatifs tels que les avalanches, les glissements de terrain, les cong\u00e8res, les chutes de blocs, effondrements du terrain, la formation et les chutes de blocs de glace, les inondations torrentielles et la pr\u00e9sence de neige et glace sur la route, chute d&rsquo;arbres sur la route, etc.<\/p>\n<p>Dans cette situation, concernant les risques naturels en zone de haute montagne, le projet PHUSICOS (https:\/\/phusicos.eu\/) recherche des solutions bas\u00e9es sur la nature, des solutions NBS, pour faire face aux risques de ph\u00e9nom\u00e8nes hydrom\u00e9t\u00e9orologiques extr\u00eames (inondations , pluies torrentielles, s\u00e9cheresses, glissements de terrain). La dur\u00e9e du projet varie de 2018 \u00e0 2022.<\/p>\n<p>Le projet PHUSICOS est cofinanc\u00e9 \u00e0 60% dans le cadre du programme europ\u00e9en Horizon 2020. L&rsquo;objectif du programme europ\u00e9en Horizon 2020 est de financer des projets de recherche et d&rsquo;innovation dans diff\u00e9rents domaines th\u00e9matiques dans le contexte europ\u00e9en, avec pr\u00e8s de 80.000 millions d&rsquo;euros pour la p\u00e9riode 2014- 2020. Chercheurs, entreprises, centres technologiques et entit\u00e9s publiques ont leur place dans ce programme.<\/p>\n<p>L&rsquo;UE a r\u00e9cemment d\u00e9velopp\u00e9 un programme de recherche d&rsquo;innovation sur les \u00absolutions fond\u00e9es sur la nature\u00bb pour inclure la renaturation des villes et la r\u00e9silience territoriale. Dans ce contexte, les solutions fond\u00e9es sur la nature sont d\u00e9finies comme des solutions inspir\u00e9es et fond\u00e9es sur la nature, qui sont rentables, offrent des avantages environnementaux, sociaux et \u00e9conomiques simultan\u00e9s et contribuent au d\u00e9veloppement de la r\u00e9silience.<\/p>\n<p>Au cours de la p\u00e9riode 2008-2015, les \u00e9v\u00e9nements hydrom\u00e9t\u00e9orologiques extr\u00eames (temp\u00eates, inondations et glissements de terrain) ont repr\u00e9sent\u00e9 64% des dommages caus\u00e9s par les catastrophes naturelles dans les \u00c9tats membres de l&rsquo;UE, avec des pertes \u00e9conomiques s&rsquo;\u00e9levant au total \u00e0 335.000 millions d&rsquo;euros. Les pr\u00e9visions indiquent une augmentation de l&rsquo;intensit\u00e9 et de la fr\u00e9quence des \u00e9v\u00e9nements m\u00e9t\u00e9orologiques extr\u00eames, ce qui entra\u00eenera des pertes et des co\u00fbts de dommages plus \u00e9lev\u00e9s. En plus du changement climatique, les impacts des changements dans l&rsquo;utilisation des terres et les activit\u00e9s humaines risquent d&rsquo;aggraver la situation, \u00e0 moins qu&rsquo;une meilleure mise en \u0153uvre des mesures et politiques int\u00e9gr\u00e9es d&rsquo;adaptation au climat ne soit obtenue.<\/p>\n<p>L&rsquo;objectif principal de PHUSICOS est de d\u00e9montrer que les solutions bas\u00e9es sur la nature et inspir\u00e9es (solutions NBS) pour r\u00e9duire le risque d&rsquo;\u00e9v\u00e9nements m\u00e9t\u00e9orologiques extr\u00eames, en particulier dans les zones vuln\u00e9rables telles que les zones rurales de montagne, sont techniquement r\u00e9alisables, rentables et applicables au niveau r\u00e9gional. PHUSICOS d\u00e9montrera que ces solutions augmentent la r\u00e9silience \u00e9cologique, sociale et \u00e9conomique des communaut\u00e9s locales.<\/p>\n<p>3 sites exp\u00e9rimentaux \u00e0 grande \u00e9chelle en Italie, France \/ Espagne et Norv\u00e8ge et 2 sites plus petits en Allemagne et en Autriche ont \u00e9t\u00e9 s\u00e9lectionn\u00e9s qui d\u00e9montrent la validit\u00e9 et le potentiel d&rsquo;extension des solutions, en utilisant une approche polyvalente:<\/p>\n<p>Les trois principaux domaines d&rsquo;exp\u00e9rimentation utiliseront une approche it\u00e9rative et syst\u00e9matique pour \u00e9valuer les solutions possibles, en impliquant les parties prenantes (citoyens, entreprises locales, politiques et administrations, etc.). Les solutions seront mises en \u0153uvre et test\u00e9es, en les comparant aux solutions d&rsquo;ing\u00e9nierie traditionnelles. De m\u00eame, divers outils seront \u00e9valu\u00e9s pour \u00e9valuer l&rsquo;efficacit\u00e9 des solutions, du point de vue de la r\u00e9duction des risques, de la rentabilit\u00e9, des cadres financiers et des primes (comme, par exemple, la valeur de l&rsquo;assurance \u00e9cosyst\u00e9mique et des services \u00e9cosyst\u00e9miques) et la rationalit\u00e9 plurielle. Les performances \u00e0 long terme des solutions d&rsquo;att\u00e9nuation mises en \u0153uvre seront suivies tout au long du projet et \u00e0 la fin.<\/p>\n<p>Des \u00abcas conceptuels\u00bb suppl\u00e9mentaires et compl\u00e9mentaires seront confront\u00e9s \u00e0 des d\u00e9fis sp\u00e9cifiques en ce qui concerne le d\u00e9veloppement de solutions fond\u00e9es sur la nature. Les apprentissages acquis gr\u00e2ce \u00e0 ces cas de concept seront mis \u00e0 profit pour les principaux domaines de d\u00e9monstration \u00e0 grande \u00e9chelle, notamment en analysant leur transf\u00e9rabilit\u00e9 et leur reproductibilit\u00e9.<\/p>\n<p>Dans le cadre de ce projet, des projets pilotes seront mis en \u0153uvre pour exp\u00e9rimenter des solutions fond\u00e9es sur la nature pour faire face aux risques naturels tels que les glissements de terrain, les chutes de blocs ou les inondations torrentielles dans les zones montagneuses.<\/p>\n<p>Le site transfrontalier franco-espagnol propos\u00e9 et s\u00e9lectionn\u00e9 par l&rsquo;ensemble des partenaires europ\u00e9ens pour ce projet est:<\/p>\n<p>La route transfrontali\u00e8re entre Laruns et Biescas, par l&rsquo;A-136 (c\u00f4t\u00e9 espagnol) et de la RD-934 (c\u00f4t\u00e9 fran\u00e7ais).<\/p>\n<p>Il a une circulation entre 400 000 et 1 000 000 v\u00e9hicules par an et une intensit\u00e9 moyenne journali\u00e8re de 1,10 \u00e0 2,80 v\u00e9hicules. Cette zone transfrontali\u00e8re rev\u00eat une importance consid\u00e9rable en raison du risque \u00e9lev\u00e9 d&rsquo;accidents de la circulation li\u00e9s aux risques naturels. Ces derni\u00e8res ann\u00e9es, des chutes de pierres, des avalanches de neige, des glissements de terrain et des avenues torrentielles ont affect\u00e9 la circulation (embouteillages, routes temporairement ferm\u00e9es, etc.) et sont \u00e0 l&rsquo;origine d&rsquo;accidents mortels et de bless\u00e9s.<\/p>\n<p>Deux sites de cette route transfrontali\u00e8re ont \u00e9t\u00e9 s\u00e9lectionn\u00e9s pour l&rsquo;exp\u00e9rimentation du projet PHUSICOS:<\/p>\n<ol>\n<li>Site ARTOUSTE sur la commune de Laruns en France. Le talus bois\u00e9 avec la pr\u00e9sence de massifs rocheux pouvant affecter la route RD-934, de Laruns \u00e0 El Portalet, au PK 47, pr\u00e8s d&rsquo;Artouste.<\/li>\n<\/ol>\n<p>Les solutions propos\u00e9es sont li\u00e9es au nettoyage et \u00e0 l&rsquo;assainissement des massifs rocheux, \u00e0 la r\u00e9alisation de mesures actives et passives de stabilisation et \/ ou de r\u00e9tention de blocs donnant la priorit\u00e9 \u00e0 l&rsquo;utilisation de structures en bois obtenant les mat\u00e9riaux, m\u00eame, de la for\u00eat elle-m\u00eame.<\/p>\n<table class=\" aligncenter\" style=\"height: 339px;\" width=\"583\">\n<tbody>\n<tr>\n<td width=\"302\"><img loading=\"lazy\" class=\"wp-image-2046 aligncenter\" src=\"https:\/\/espalet.devecomputer.com\/wp-content\/uploads\/2020\/08\/1.jpg\" alt=\"\" width=\"182\" height=\"243\" \/><\/td>\n<td width=\"302\"><img loading=\"lazy\" class=\"alignnone size-medium wp-image-2047\" src=\"https:\/\/espalet.devecomputer.com\/wp-content\/uploads\/2020\/08\/2-300x213.jpg\" alt=\"\" width=\"300\" height=\"213\" \/><\/td>\n<\/tr>\n<tr>\n<td width=\"302\">Bloc dont la chute est arr\u00eat\u00e9e par les arbres.<\/td>\n<td width=\"302\">Exemple d&rsquo;utilisation d&rsquo;arbres au terrainpour former des barri\u00e8res naturelles.<\/p>\n<p>&nbsp;<\/td>\n<\/tr>\n<\/tbody>\n<\/table>\n<p>&nbsp;<\/p>\n<p>&nbsp;<\/p>\n<ol start=\"2\">\n<li>Site SANTA ELENA dans la commune de Biescas en Espagne. La versant\u00a0 morainique de Santa Elena au PK3.5 sur la route A-136. Solutions bas\u00e9es sur la cr\u00e9ation de terrasses en ma\u00e7onnerie, l&rsquo;am\u00e9lioration du drainage, l&rsquo;am\u00e9lioration du sol et la plantation de v\u00e9g\u00e9tation locale.<\/li>\n<\/ol>\n<table class=\" aligncenter\" style=\"height: 315px;\" width=\"609\">\n<tbody>\n<tr>\n<td width=\"297\"><img loading=\"lazy\" class=\"alignnone size-full wp-image-2048\" src=\"https:\/\/espalet.devecomputer.com\/wp-content\/uploads\/2020\/08\/3.jpg\" alt=\"\" width=\"261\" height=\"193\" \/><\/td>\n<td width=\"298\"><img loading=\"lazy\" class=\"alignnone size-medium wp-image-2049\" src=\"https:\/\/espalet.devecomputer.com\/wp-content\/uploads\/2020\/08\/4-300x215.jpg\" alt=\"\" width=\"300\" height=\"215\" \/><\/td>\n<\/tr>\n<tr>\n<td colspan=\"2\" width=\"595\">Exemple \u00e9quivalent de terrasses, compl\u00e9t\u00e9 par la rev\u00e9g\u00e9talisation d&rsquo;arbres et d&rsquo;arbustes pour am\u00e9liorer l&rsquo;ancrage et le drainage \u00e0 Arratiecho \u00e0 Biescas<\/td>\n<\/tr>\n<\/tbody>\n<\/table>\n<p>Tous les travaux seront men\u00e9s par le GECT Espacio Portalet en collaboration avec le coordinateur du projet dans les Pyr\u00e9n\u00e9es, l&rsquo;Observatoire Pyr\u00e9n\u00e9en du Changement Climatique (<a href=\"https:\/\/www.opcc-ctp.org\/\">OPCC<\/a>) et d&rsquo;autres partenaires du projet PHUSICOS (Norwegian Geotechnical Institute (NGI), French Geological Survey (BRGM), University of Napoli Federico II (UNINA), Technical University of Munich (TUM), etc.).<\/p>\n","protected":false},"excerpt":{"rendered":"<p>Le GECT Espace Pourtalet, organisme public dissout le 05 mai 2021, a \u00e9t\u00e9 une structure transfrontali\u00e8re active de 2011 \u00e0 2021. Ayant h\u00e9rit\u00e9 les droits et obligations de l\u2019ancienne structure, le GECT Pirineos-Pyr\u00e9n\u00e9es lui succ\u00e8de aujourd\u2019hui. Solutions pour r\u00e9duire les risques en montagne. PHUSICOS &#8211; \u00ab\u00a0Accord avec la nature\u00a0\u00bb en grec &#8211; est financ\u00e9 par [&hellip;]<\/p>\n","protected":false},"author":1,"featured_media":0,"parent":30,"menu_order":0,"comment_status":"closed","ping_status":"closed","template":"","meta":[],"_links":{"self":[{"href":"https:\/\/espalet.devecomputer.com\/fr\/wp-json\/wp\/v2\/pages\/1219"}],"collection":[{"href":"https:\/\/espalet.devecomputer.com\/fr\/wp-json\/wp\/v2\/pages"}],"about":[{"href":"https:\/\/espalet.devecomputer.com\/fr\/wp-json\/wp\/v2\/types\/page"}],"author":[{"embeddable":true,"href":"https:\/\/espalet.devecomputer.com\/fr\/wp-json\/wp\/v2\/users\/1"}],"replies":[{"embeddable":true,"href":"https:\/\/espalet.devecomputer.com\/fr\/wp-json\/wp\/v2\/comments?post=1219"}],"version-history":[{"count":6,"href":"https:\/\/espalet.devecomputer.com\/fr\/wp-json\/wp\/v2\/pages\/1219\/revisions"}],"predecessor-version":[{"id":1500,"href":"https:\/\/espalet.devecomputer.com\/fr\/wp-json\/wp\/v2\/pages\/1219\/revisions\/1500"}],"up":[{"embeddable":true,"href":"https:\/\/espalet.devecomputer.com\/fr\/wp-json\/wp\/v2\/pages\/30"}],"wp:attachment":[{"href":"https:\/\/espalet.devecomputer.com\/fr\/wp-json\/wp\/v2\/media?parent=1219"}],"curies":[{"name":"wp","href":"https:\/\/api.w.org\/{rel}","templated":true}]}}