{"id":1209,"date":"2020-05-29T13:58:37","date_gmt":"2020-05-29T11:58:37","guid":{"rendered":"https:\/\/espalet.devecomputer.com\/fr\/?page_id=1209"},"modified":"2022-07-26T12:32:58","modified_gmt":"2022-07-26T10:32:58","slug":"subventions","status":"publish","type":"page","link":"https:\/\/espalet.devecomputer.com\/fr\/transparence\/subventions\/","title":{"rendered":"Subventions"},"content":{"rendered":"<p><strong>Le GECT Espace Pourtalet, organisme public dissout le 05 mai 2021, a \u00e9t\u00e9 une structure transfrontali\u00e8re active de 2011 \u00e0 2021. Ayant h\u00e9rit\u00e9 les droits et obligations de l\u2019ancienne structure, le <a href=\"https:\/\/www.pirineos-pyrenees.eu\/\" target=\"_blank\" rel=\"noopener noreferrer\">GECT Pirineos-Pyr\u00e9n\u00e9es<\/a> lui succ\u00e8de aujourd\u2019hui.<\/strong><\/p>\n<p><strong>Toutes les informations relatives \u00e0 la transparence figurant sur cette page se rapportent uniquement au GECT disparu Espacio Portalet.<\/strong><\/p>\n<p>Le GECT Espace Pourtalet n&rsquo;a obtenu aucune subvention depuis sa cr\u00e9ation en 2011.<\/p>\n","protected":false},"excerpt":{"rendered":"<p>Le GECT Espace Pourtalet, organisme public dissout le 05 mai 2021, a \u00e9t\u00e9 une structure transfrontali\u00e8re active de 2011 \u00e0 2021. Ayant h\u00e9rit\u00e9 les droits et obligations de l\u2019ancienne structure, le GECT Pirineos-Pyr\u00e9n\u00e9es lui succ\u00e8de aujourd\u2019hui. Toutes les informations relatives \u00e0 la transparence figurant sur cette page se rapportent uniquement au GECT disparu Espacio Portalet. [&hellip;]<\/p>\n","protected":false},"author":4,"featured_media":0,"parent":954,"menu_order":8,"comment_status":"closed","ping_status":"closed","template":"","meta":[],"_links":{"self":[{"href":"https:\/\/espalet.devecomputer.com\/fr\/wp-json\/wp\/v2\/pages\/1209"}],"collection":[{"href":"https:\/\/espalet.devecomputer.com\/fr\/wp-json\/wp\/v2\/pages"}],"about":[{"href":"https:\/\/espalet.devecomputer.com\/fr\/wp-json\/wp\/v2\/types\/page"}],"author":[{"embeddable":true,"href":"https:\/\/espalet.devecomputer.com\/fr\/wp-json\/wp\/v2\/users\/4"}],"replies":[{"embeddable":true,"href":"https:\/\/espalet.devecomputer.com\/fr\/wp-json\/wp\/v2\/comments?post=1209"}],"version-history":[{"count":3,"href":"https:\/\/espalet.devecomputer.com\/fr\/wp-json\/wp\/v2\/pages\/1209\/revisions"}],"predecessor-version":[{"id":1489,"href":"https:\/\/espalet.devecomputer.com\/fr\/wp-json\/wp\/v2\/pages\/1209\/revisions\/1489"}],"up":[{"embeddable":true,"href":"https:\/\/espalet.devecomputer.com\/fr\/wp-json\/wp\/v2\/pages\/954"}],"wp:attachment":[{"href":"https:\/\/espalet.devecomputer.com\/fr\/wp-json\/wp\/v2\/media?parent=1209"}],"curies":[{"name":"wp","href":"https:\/\/api.w.org\/{rel}","templated":true}]}}