{"id":1203,"date":"2020-05-29T13:54:35","date_gmt":"2020-05-29T11:54:35","guid":{"rendered":"https:\/\/espalet.devecomputer.com\/fr\/?page_id=1203"},"modified":"2022-07-26T12:32:17","modified_gmt":"2022-07-26T10:32:17","slug":"liste-des-emplois-et-offres-demploi","status":"publish","type":"page","link":"https:\/\/espalet.devecomputer.com\/fr\/transparence\/liste-des-emplois-et-offres-demploi\/","title":{"rendered":"Liste des emplois et offres d&#8217;emploi"},"content":{"rendered":"<p><strong>Le GECT Espace Pourtalet, organisme public dissout le 05 mai 2021, a \u00e9t\u00e9 une structure transfrontali\u00e8re active de 2011 \u00e0 2021. Ayant h\u00e9rit\u00e9 les droits et obligations de l\u2019ancienne structure, le <a href=\"https:\/\/www.pirineos-pyrenees.eu\/\" target=\"_blank\" rel=\"noopener noreferrer\">GECT Pirineos-Pyr\u00e9n\u00e9es<\/a> lui succ\u00e8de aujourd\u2019hui.<\/strong><\/p>\n<p><strong>Toutes les informations relatives \u00e0 la transparence figurant sur cette page se rapportent uniquement au GECT disparu Espacio Portalet.<\/strong><\/p>\n<h3 id=\"tw-target-text\" class=\"tw-data-text tw-text-large XcVN5d tw-ta\" dir=\"ltr\" data-placeholder=\"Traducci\u00f3n\"><strong><span lang=\"fr\">Relations d&rsquo;offres d&#8217;emploi<\/span><\/strong><\/h3>\n<p class=\"tw-data-text tw-text-large XcVN5d tw-ta\" dir=\"ltr\" data-placeholder=\"Traducci\u00f3n\"><span lang=\"fr\">Le GECT Espace Pourtalet compte actuellement une unique personne \u00e0 plein temps.<\/span><\/p>\n<p class=\"tw-data-text tw-text-large XcVN5d tw-ta\" dir=\"ltr\" data-placeholder=\"Traducci\u00f3n\"><span lang=\"fr\">&#8211; Gestion (Santiago F\u00c1BREGAS REIGOSA), Gestion globale de l&rsquo;entit\u00e9 publique, gestion de projet (SECURUS, INTURPYR et PHUSICOS) relations avec d&rsquo;autres organisations et entit\u00e9s, gestion financi\u00e8re et gestion des fournisseurs.<\/span><\/p>\n<hr \/>\n<h3 class=\"tw-data-text tw-text-large XcVN5d tw-ta\" dir=\"ltr\" data-placeholder=\"Traducci\u00f3n\"><strong><span lang=\"fr\">Code d&rsquo;\u00e9thique<\/span><\/strong><\/h3>\n<p class=\"tw-data-text tw-text-large XcVN5d tw-ta\" dir=\"ltr\" data-placeholder=\"Traducci\u00f3n\"><span lang=\"fr\">LOI 5\/2017, du 1er juin, sur l&rsquo;int\u00e9grit\u00e9 publique et l&rsquo;\u00e9thique du Gouvernement d&rsquo;Aragon<\/span><\/p>\n<p class=\"tw-data-text tw-text-large XcVN5d tw-ta\" dir=\"ltr\" data-placeholder=\"Traducci\u00f3n\"><a href=\"http:\/\/www.boa.aragon.es\/cgi-bin\/EBOA\/BRSCGI?CMD=VEROBJ&amp;MLKOB=967173225353\"><span lang=\"fr\">Code d&rsquo;\u00e9thique<\/span><\/a><\/p>\n<hr \/>\n<h3 class=\"tw-data-text tw-text-large XcVN5d tw-ta\" dir=\"ltr\" data-placeholder=\"Traducci\u00f3n\"><strong><span lang=\"fr\">Offres d&#8217;emploi<\/span><\/strong><\/h3>\n<p class=\"tw-data-text tw-text-large XcVN5d tw-ta\" dir=\"ltr\" data-placeholder=\"Traducci\u00f3n\"><span lang=\"fr\">Actuellement, aucun processus de s\u00e9lection du personnel n&rsquo;est ouvert pour le GECT Espace Pourtalet<\/span><\/p>\n<p class=\"tw-data-text tw-text-large XcVN5d tw-ta\" dir=\"ltr\" data-placeholder=\"Traducci\u00f3n\"><span lang=\"fr\">Cependant, si un \u00e9tudiant de derni\u00e8re ann\u00e9e ou un dipl\u00f4m\u00e9 r\u00e9cent souhaite effectuer un stage au GECT Espace Pourtalet, vous pouvez nous contacter.<\/span><\/p>\n<hr \/>\n<h3 class=\"tw-data-text tw-text-large XcVN5d tw-ta\" dir=\"ltr\" data-placeholder=\"Traducci\u00f3n\"><strong><span lang=\"fr\">Accords r\u00e9glementaires sur les conditions de travail<\/span><\/strong><\/h3>\n<p class=\"tw-data-text tw-text-large XcVN5d tw-ta\" dir=\"ltr\" data-placeholder=\"Traducci\u00f3n\"><span lang=\"fr\">Le GECT Espace Pourtalet n&rsquo;a pas sa propre convention collective, les conditions de travail de l&rsquo;entreprise sont donc r\u00e9gies par:<\/span><\/p>\n<p class=\"tw-data-text tw-text-large XcVN5d tw-ta\" dir=\"ltr\" data-placeholder=\"Traducci\u00f3n\"><a href=\"https:\/\/www.boe.es\/buscar\/pdf\/2015\/BOE-A-2015-11430-consolidado.pdf\"><span lang=\"fr\">&#8211; D\u00e9cret l\u00e9gislatif royal 1\/1995 du 24 mars approuvant le texte r\u00e9vis\u00e9 de la loi sur le statut des travailleurs.<\/span><\/a><\/p>\n<hr \/>\n<h3 class=\"tw-data-text tw-text-large XcVN5d tw-ta\" dir=\"ltr\" data-placeholder=\"Traducci\u00f3n\"><strong><span lang=\"fr\">Organes de repr\u00e9sentation du personnel<\/span><\/strong><\/h3>\n<p class=\"tw-data-text tw-text-large XcVN5d tw-ta\" dir=\"ltr\" data-placeholder=\"Traducci\u00f3n\"><span lang=\"fr\">Il n&rsquo;y a pas d&rsquo;organes de repr\u00e9sentation du personnel au sein du GECT Espace Pourtalet<\/span><\/p>\n","protected":false},"excerpt":{"rendered":"<p>Le GECT Espace Pourtalet, organisme public dissout le 05 mai 2021, a \u00e9t\u00e9 une structure transfrontali\u00e8re active de 2011 \u00e0 2021. Ayant h\u00e9rit\u00e9 les droits et obligations de l\u2019ancienne structure, le GECT Pirineos-Pyr\u00e9n\u00e9es lui succ\u00e8de aujourd\u2019hui. Toutes les informations relatives \u00e0 la transparence figurant sur cette page se rapportent uniquement au GECT disparu Espacio Portalet. [&hellip;]<\/p>\n","protected":false},"author":4,"featured_media":0,"parent":954,"menu_order":5,"comment_status":"closed","ping_status":"closed","template":"","meta":[],"_links":{"self":[{"href":"https:\/\/espalet.devecomputer.com\/fr\/wp-json\/wp\/v2\/pages\/1203"}],"collection":[{"href":"https:\/\/espalet.devecomputer.com\/fr\/wp-json\/wp\/v2\/pages"}],"about":[{"href":"https:\/\/espalet.devecomputer.com\/fr\/wp-json\/wp\/v2\/types\/page"}],"author":[{"embeddable":true,"href":"https:\/\/espalet.devecomputer.com\/fr\/wp-json\/wp\/v2\/users\/4"}],"replies":[{"embeddable":true,"href":"https:\/\/espalet.devecomputer.com\/fr\/wp-json\/wp\/v2\/comments?post=1203"}],"version-history":[{"count":2,"href":"https:\/\/espalet.devecomputer.com\/fr\/wp-json\/wp\/v2\/pages\/1203\/revisions"}],"predecessor-version":[{"id":1485,"href":"https:\/\/espalet.devecomputer.com\/fr\/wp-json\/wp\/v2\/pages\/1203\/revisions\/1485"}],"up":[{"embeddable":true,"href":"https:\/\/espalet.devecomputer.com\/fr\/wp-json\/wp\/v2\/pages\/954"}],"wp:attachment":[{"href":"https:\/\/espalet.devecomputer.com\/fr\/wp-json\/wp\/v2\/media?parent=1203"}],"curies":[{"name":"wp","href":"https:\/\/api.w.org\/{rel}","templated":true}]}}