{"id":1198,"date":"2020-05-29T13:49:23","date_gmt":"2020-05-29T11:49:23","guid":{"rendered":"https:\/\/espalet.devecomputer.com\/fr\/?page_id=1198"},"modified":"2022-07-26T12:32:07","modified_gmt":"2022-07-26T10:32:07","slug":"conventions-et-protocoles-de-collaboration","status":"publish","type":"page","link":"https:\/\/espalet.devecomputer.com\/fr\/transparence\/conventions-et-protocoles-de-collaboration\/","title":{"rendered":"Conventions et protocoles de collaboration"},"content":{"rendered":"<p><strong>Le GECT Espace Pourtalet, organisme public dissout le 05 mai 2021, a \u00e9t\u00e9 une structure transfrontali\u00e8re active de 2011 \u00e0 2021. Ayant h\u00e9rit\u00e9 les droits et obligations de l\u2019ancienne structure, le <a href=\"https:\/\/www.pirineos-pyrenees.eu\/\" target=\"_blank\" rel=\"noopener noreferrer\">GECT Pirineos-Pyr\u00e9n\u00e9es<\/a> lui succ\u00e8de aujourd\u2019hui.<\/strong><\/p>\n<p><strong>Toutes les informations relatives \u00e0 la transparence figurant sur cette page se rapportent uniquement au GECT disparu Espacio Portalet.<\/strong><\/p>\n<p id=\"tw-target-text\" class=\"tw-data-text tw-text-large XcVN5d tw-ta\" dir=\"ltr\" data-placeholder=\"Traducci\u00f3n\"><span lang=\"fr\">Vous trouverez ci-dessous les accords et protocoles de collaboration actuels auxquels participe le GECT Espace Pourtalet<\/span><\/p>\n<p dir=\"ltr\" data-placeholder=\"Traducci\u00f3n\"><a href=\"https:\/\/espalet.devecomputer.com\/fr\/wp-content\/uploads\/sites\/2\/2020\/05\/ConventionGECT-Ventas.pdf\">ConventionGECT-Ventas<\/a><\/p>\n<p dir=\"ltr\" data-placeholder=\"Traducci\u00f3n\"><a href=\"https:\/\/espalet.devecomputer.com\/fr\/wp-content\/uploads\/sites\/2\/2020\/05\/ProtocoleDaisybell.pdf\">ProtocoleDaisybell<\/a><\/p>\n<p dir=\"ltr\" data-placeholder=\"Traducci\u00f3n\"><a href=\"https:\/\/espalet.devecomputer.com\/fr\/wp-content\/uploads\/sites\/2\/2020\/05\/ProtocoleCollaborationGECT-Venta-Petruso.pdf\">ProtocoleCollaborationGECT-Venta-Petruso<\/a><\/p>\n","protected":false},"excerpt":{"rendered":"<p>Le GECT Espace Pourtalet, organisme public dissout le 05 mai 2021, a \u00e9t\u00e9 une structure transfrontali\u00e8re active de 2011 \u00e0 2021. Ayant h\u00e9rit\u00e9 les droits et obligations de l\u2019ancienne structure, le GECT Pirineos-Pyr\u00e9n\u00e9es lui succ\u00e8de aujourd\u2019hui. Toutes les informations relatives \u00e0 la transparence figurant sur cette page se rapportent uniquement au GECT disparu Espacio Portalet. [&hellip;]<\/p>\n","protected":false},"author":4,"featured_media":0,"parent":954,"menu_order":4,"comment_status":"closed","ping_status":"closed","template":"","meta":[],"_links":{"self":[{"href":"https:\/\/espalet.devecomputer.com\/fr\/wp-json\/wp\/v2\/pages\/1198"}],"collection":[{"href":"https:\/\/espalet.devecomputer.com\/fr\/wp-json\/wp\/v2\/pages"}],"about":[{"href":"https:\/\/espalet.devecomputer.com\/fr\/wp-json\/wp\/v2\/types\/page"}],"author":[{"embeddable":true,"href":"https:\/\/espalet.devecomputer.com\/fr\/wp-json\/wp\/v2\/users\/4"}],"replies":[{"embeddable":true,"href":"https:\/\/espalet.devecomputer.com\/fr\/wp-json\/wp\/v2\/comments?post=1198"}],"version-history":[{"count":2,"href":"https:\/\/espalet.devecomputer.com\/fr\/wp-json\/wp\/v2\/pages\/1198\/revisions"}],"predecessor-version":[{"id":1484,"href":"https:\/\/espalet.devecomputer.com\/fr\/wp-json\/wp\/v2\/pages\/1198\/revisions\/1484"}],"up":[{"embeddable":true,"href":"https:\/\/espalet.devecomputer.com\/fr\/wp-json\/wp\/v2\/pages\/954"}],"wp:attachment":[{"href":"https:\/\/espalet.devecomputer.com\/fr\/wp-json\/wp\/v2\/media?parent=1198"}],"curies":[{"name":"wp","href":"https:\/\/api.w.org\/{rel}","templated":true}]}}