{"id":1169,"date":"2020-05-29T11:41:13","date_gmt":"2020-05-29T09:41:13","guid":{"rendered":"https:\/\/espalet.devecomputer.com\/fr\/?page_id=1169"},"modified":"2022-07-26T12:31:40","modified_gmt":"2022-07-26T10:31:40","slug":"structure-organisationnelle-et-organe-administratif","status":"publish","type":"page","link":"https:\/\/espalet.devecomputer.com\/fr\/transparence\/structure-organisationnelle-et-organe-administratif\/","title":{"rendered":"Structure organisationnelle et organe administratif"},"content":{"rendered":"<p><strong>Le GECT Espace Pourtalet, organisme public dissout le 05 mai 2021, a \u00e9t\u00e9 une structure transfrontali\u00e8re active de 2011 \u00e0 2021. Ayant h\u00e9rit\u00e9 les droits et obligations de l\u2019ancienne structure, le <a href=\"https:\/\/www.pirineos-pyrenees.eu\/\" target=\"_blank\" rel=\"noopener noreferrer\">GECT Pirineos-Pyr\u00e9n\u00e9es<\/a> lui succ\u00e8de aujourd\u2019hui.<\/strong><\/p>\n<p><strong>Toutes les informations relatives \u00e0 la transparence figurant sur cette page se rapportent uniquement au GECT disparu Espacio Portalet.<\/strong><\/p>\n<p id=\"tw-target-text\" class=\"tw-data-text tw-text-large XcVN5d tw-ta\" dir=\"ltr\" data-placeholder=\"Traducci\u00f3n\"><strong><span lang=\"fr\">Structure organisationnelle et organe administratif<\/span><\/strong><\/p>\n<p class=\"tw-data-text tw-text-large XcVN5d tw-ta\" dir=\"ltr\" data-placeholder=\"Traducci\u00f3n\"><strong><span lang=\"fr\">Composition<\/span><\/strong><\/p>\n<p class=\"tw-data-text tw-text-large XcVN5d tw-ta\" dir=\"ltr\" data-placeholder=\"Traducci\u00f3n\"><span lang=\"fr\">La structure organisationnelle du GECT Espace Pourtalet est compos\u00e9e d&rsquo;une Assembl\u00e9e compos\u00e9e de huit membres titulaires ou de huit membres suppl\u00e9ants de chacune des partainaires, du Gouvernement d&rsquo;Aragon (GA) et du Conseil d\u00e9partemental des Pyr\u00e9n\u00e9es-Atlantiques (CDPA), d&rsquo;un comit\u00e9 technique , compos\u00e9 de trois repr\u00e9sentants nomm\u00e9s par le GA et de trois repr\u00e9sentants nomm\u00e9s par le CDPA, un Pr\u00e9sident, le Directeur et le personnel du GECT. La pr\u00e9sidence tourne et a un dur\u00e9e tous les deux ans<\/span><\/p>\n<ul>\n<li class=\"tw-data-text tw-text-large XcVN5d tw-ta\" dir=\"ltr\" data-placeholder=\"Traducci\u00f3n\"><span lang=\"fr\">Assembl\u00e9e<\/span><\/li>\n<li class=\"tw-data-text tw-text-large XcVN5d tw-ta\" dir=\"ltr\" data-placeholder=\"Traducci\u00f3n\"><span lang=\"fr\">Pr\u00e9sidence<\/span><\/li>\n<li class=\"tw-data-text tw-text-large XcVN5d tw-ta\" dir=\"ltr\" data-placeholder=\"Traducci\u00f3n\"><span lang=\"fr\">Comit\u00e9 technique<\/span><\/li>\n<li class=\"tw-data-text tw-text-large XcVN5d tw-ta\" dir=\"ltr\" data-placeholder=\"Traducci\u00f3n\"><span lang=\"fr\">Direction<\/span><\/li>\n<\/ul>\n<p><img src=\"https:\/\/espalet.devecomputer.com\/wp-content\/uploads\/2014\/12\/grafico_organigrama-600x221.png\" alt=\"Organigrama\" \/><\/p>\n<p id=\"tw-target-text\" class=\"tw-data-text tw-text-large XcVN5d tw-ta\" dir=\"ltr\" data-placeholder=\"Traducci\u00f3n\"><strong><span lang=\"fr\">ASSEMBL\u00c9E<\/span><\/strong><\/p>\n<hr \/>\n<p class=\"tw-data-text tw-text-large XcVN5d tw-ta\" dir=\"ltr\" data-placeholder=\"Traducci\u00f3n\"><span lang=\"fr\">Membres titulaires de l&rsquo;Assembl\u00e9e par le Gouvernement d&rsquo;Aragon<\/span><\/p>\n<p class=\"tw-data-text tw-text-large XcVN5d tw-ta\" dir=\"ltr\" data-placeholder=\"Traducci\u00f3n\"><strong><span lang=\"fr\">Jos\u00e9 Luis SORO DOMINGO<\/span><\/strong><\/p>\n<p class=\"tw-data-text tw-text-large XcVN5d tw-ta\" dir=\"ltr\" data-placeholder=\"Traducci\u00f3n\"><span lang=\"fr\">Pr\u00e9sident du GECT et conseiller de la Vert\u00e9bration du Territoire, de la Mobilit\u00e9 et du Logement du Gouvernement d&rsquo;Aragon<\/span><\/p>\n<p class=\"tw-data-text tw-text-large XcVN5d tw-ta\" dir=\"ltr\" data-placeholder=\"Traducci\u00f3n\"><strong><span lang=\"fr\">Biz\u00e9n FUSTER SANTALIESTRA<\/span><\/strong><\/p>\n<p class=\"tw-data-text tw-text-large XcVN5d tw-ta\" dir=\"ltr\" data-placeholder=\"Traducci\u00f3n\"><span lang=\"fr\">Directeur g\u00e9n\u00e9ral des Routes du Gouvernement d&rsquo;Aragon<\/span><\/p>\n<p class=\"tw-data-text tw-text-large XcVN5d tw-ta\" dir=\"ltr\" data-placeholder=\"Traducci\u00f3n\"><strong><span lang=\"fr\">Jos\u00e9 Manuel SALVADOR MINGUILL\u00d3N<\/span><\/strong><\/p>\n<p class=\"tw-data-text tw-text-large XcVN5d tw-ta\" dir=\"ltr\" data-placeholder=\"Traducci\u00f3n\"><span lang=\"fr\">Directeur G\u00e9n\u00e9ral de l&rsquo;Am\u00e9nagement du Territoire du Gouvernement d&rsquo;Aragon<\/span><\/p>\n<p class=\"tw-data-text tw-text-large XcVN5d tw-ta\" dir=\"ltr\" data-placeholder=\"Traducci\u00f3n\"><strong><span lang=\"fr\">Jos\u00e9 Luis PINEDO GUILL\u00c9N <\/span><\/strong><\/p>\n<p class=\"tw-data-text tw-text-large XcVN5d tw-ta\" dir=\"ltr\" data-placeholder=\"Traducci\u00f3n\"><span lang=\"fr\">Secr\u00e9taire G\u00e9n\u00e9ral Technique de la Pr\u00e9sidence et des Relations Institutionnelles du Gouvernement d&rsquo;Aragon<\/span><\/p>\n<p class=\"tw-data-text tw-text-large XcVN5d tw-ta\" dir=\"ltr\" data-placeholder=\"Traducci\u00f3n\"><strong><span lang=\"fr\">Elena ALLU\u00c9 DE BAR\u00d3<\/span><\/strong><\/p>\n<p class=\"tw-data-text tw-text-large XcVN5d tw-ta\" dir=\"ltr\" data-placeholder=\"Traducci\u00f3n\"><span lang=\"fr\">Directrice G\u00e9n\u00e9ral du Tourisme du Gouvernement d&rsquo;Aragon<\/span><\/p>\n<p class=\"tw-data-text tw-text-large XcVN5d tw-ta\" dir=\"ltr\" data-placeholder=\"Traducci\u00f3n\"><strong><span lang=\"fr\">Victor LUCEA<\/span><\/strong><\/p>\n<p class=\"tw-data-text tw-text-large XcVN5d tw-ta\" dir=\"ltr\" data-placeholder=\"Traducci\u00f3n\"><span lang=\"fr\">Directeur G\u00e9n\u00e9ral de la Culture du Gouvernement d&rsquo;Aragon<\/span><\/p>\n<p class=\"tw-data-text tw-text-large XcVN5d tw-ta\" dir=\"ltr\" data-placeholder=\"Traducci\u00f3n\"><strong><span lang=\"fr\">Lourdes ARRUEBO DE LOPE<\/span><\/strong><\/p>\n<p class=\"tw-data-text tw-text-large XcVN5d tw-ta\" dir=\"ltr\" data-placeholder=\"Traducci\u00f3n\"><span lang=\"fr\">Pr\u00e9sidente de la Communaut\u00e9 des Communes d&rsquo;Alto G\u00e1llego<\/span><\/p>\n<p class=\"tw-data-text tw-text-large XcVN5d tw-ta\" dir=\"ltr\" data-placeholder=\"Traducci\u00f3n\"><strong><span lang=\"fr\">Jes\u00fas Eugenio GERIC\u00d3 URIETA<\/span><\/strong><\/p>\n<p class=\"tw-data-text tw-text-large XcVN5d tw-ta\" dir=\"ltr\" data-placeholder=\"Traducci\u00f3n\"><span lang=\"fr\">Maire de Sallent de G\u00e1llego<\/span><\/p>\n<hr \/>\n<p id=\"tw-target-text\" class=\"tw-data-text tw-text-large XcVN5d tw-ta\" dir=\"ltr\" data-placeholder=\"Traducci\u00f3n\"><span lang=\"fr\">Membres titulaires de l&rsquo;Assembl\u00e9e par le Conseil d\u00e9partemental des Pyr\u00e9n\u00e9es-Atlantiques<\/span><\/p>\n<p class=\"tw-data-text tw-text-large XcVN5d tw-ta\" dir=\"ltr\" data-placeholder=\"Traducci\u00f3n\"><strong><span lang=\"fr\">Marc CABANE<\/span><\/strong><\/p>\n<p class=\"tw-data-text tw-text-large XcVN5d tw-ta\" dir=\"ltr\" data-placeholder=\"Traducci\u00f3n\"><span lang=\"fr\">Vice-pr\u00e9sident et chef de la direction du GECT pour la coop\u00e9ration transfrontali\u00e8re<\/span><\/p>\n<p class=\"tw-data-text tw-text-large XcVN5d tw-ta\" dir=\"ltr\" data-placeholder=\"Traducci\u00f3n\"><strong><span lang=\"fr\">Ma\u00efder AROSTEGUY<\/span><\/strong><\/p>\n<p class=\"tw-data-text tw-text-large XcVN5d tw-ta\" dir=\"ltr\" data-placeholder=\"Traducci\u00f3n\"><span lang=\"fr\">Conseill\u00e8re d\u00e9partementale de Biarritz <\/span><\/p>\n<p class=\"tw-data-text tw-text-large XcVN5d tw-ta\" dir=\"ltr\" data-placeholder=\"Traducci\u00f3n\"><strong><span lang=\"fr\">Andr\u00e9 BERDOU<\/span><\/strong><\/p>\n<p class=\"tw-data-text tw-text-large XcVN5d tw-ta\" dir=\"ltr\" data-placeholder=\"Traducci\u00f3n\"><span lang=\"fr\">Conseiller d\u00e9partemental Oloron Sainte Marie 2<\/span><\/p>\n<p class=\"tw-data-text tw-text-large XcVN5d tw-ta\" dir=\"ltr\" data-placeholder=\"Traducci\u00f3n\"><strong><span lang=\"fr\">Genevi\u00e8ve BERG\u00c9<\/span><\/strong><\/p>\n<p class=\"tw-data-text tw-text-large XcVN5d tw-ta\" dir=\"ltr\" data-placeholder=\"Traducci\u00f3n\"><span lang=\"fr\">Conseill\u00e8re d\u00e9partementale Terres des Luys et Coteaux du Vic-Bilh<\/span><\/p>\n<p class=\"tw-data-text tw-text-large XcVN5d tw-ta\" dir=\"ltr\" data-placeholder=\"Traducci\u00f3n\"><strong><span lang=\"fr\">Marie-Pierre CABANNE<\/span><\/strong><\/p>\n<p class=\"tw-data-text tw-text-large XcVN5d tw-ta\" dir=\"ltr\" data-placeholder=\"Traducci\u00f3n\"><span lang=\"fr\">Conseill\u00e8re d\u00e9partementale Vall\u00e9e de l&rsquo;Ousse et du Lagoin<\/span><\/p>\n<p class=\"tw-data-text tw-text-large XcVN5d tw-ta\" dir=\"ltr\" data-placeholder=\"Traducci\u00f3n\"><strong><span lang=\"fr\">Jean-Claude COSTE<\/span><\/strong><\/p>\n<p class=\"tw-data-text tw-text-large XcVN5d tw-ta\" dir=\"ltr\" data-placeholder=\"Traducci\u00f3n\"><span lang=\"fr\">Conseiller d\u00e9partemental Oloron Sainte Marie 1<\/span><\/p>\n<p class=\"tw-data-text tw-text-large XcVN5d tw-ta\" dir=\"ltr\" data-placeholder=\"Traducci\u00f3n\"><strong><span lang=\"fr\">Jacques PEDEHONTAA<\/span><\/strong><\/p>\n<p class=\"tw-data-text tw-text-large XcVN5d tw-ta\" dir=\"ltr\" data-placeholder=\"Traducci\u00f3n\"><span lang=\"fr\">D\u00e9l\u00e9gu\u00e9 Culture et Tourisme. Pr\u00e9sident de l&rsquo;AaDT64. Conseiller d\u00e9partemental Orthez et Terres des Gaves et du Sel<\/span><\/p>\n<p class=\"tw-data-text tw-text-large XcVN5d tw-ta\" dir=\"ltr\" data-placeholder=\"Traducci\u00f3n\"><strong><span lang=\"fr\">Isabelle ANTIER<\/span><\/strong><\/p>\n<p class=\"tw-data-text tw-text-large XcVN5d tw-ta\" dir=\"ltr\" data-placeholder=\"Traducci\u00f3n\"><span lang=\"fr\">Conseill\u00e8re d\u00e9partementale Orthez et Terres des Gaves et du Sel<\/span><\/p>\n<hr \/>\n<p class=\"tw-data-text tw-text-large XcVN5d tw-ta\" dir=\"ltr\" data-placeholder=\"Traducci\u00f3n\"><strong><span lang=\"fr\">COMIT\u00c9 TECHNIQUE<\/span><\/strong><\/p>\n<p class=\"tw-data-text tw-text-large XcVN5d tw-ta\" dir=\"ltr\" data-placeholder=\"Traducci\u00f3n\"><span lang=\"fr\">par le gouvernement d&rsquo;Aragon<\/span><\/p>\n<p class=\"tw-data-text tw-text-large XcVN5d tw-ta\" dir=\"ltr\" data-placeholder=\"Traducci\u00f3n\"><strong><span lang=\"fr\">Biz\u00e9n FUSTER SANTALIESTRA<\/span><\/strong><\/p>\n<p class=\"tw-data-text tw-text-large XcVN5d tw-ta\" dir=\"ltr\" data-placeholder=\"Traducci\u00f3n\"><span lang=\"fr\">Directeur g\u00e9n\u00e9ral des routes du Gouvernement d&rsquo;Aragon<\/span><\/p>\n<p class=\"tw-data-text tw-text-large XcVN5d tw-ta\" dir=\"ltr\" data-placeholder=\"Traducci\u00f3n\"><strong><span lang=\"fr\">Daniel LOSTAO SANJUAN<\/span><\/strong><\/p>\n<p class=\"tw-data-text tw-text-large XcVN5d tw-ta\" dir=\"ltr\" data-placeholder=\"Traducci\u00f3n\"><span lang=\"fr\">Chef de Cabinet du conseiller de la Vert\u00e9bration du Territoire, de la Mobilit\u00e9 et du Logement du Gouvernement d&rsquo;Aragon<\/span><\/p>\n<p class=\"tw-data-text tw-text-large XcVN5d tw-ta\" dir=\"ltr\" data-placeholder=\"Traducci\u00f3n\"><strong><span lang=\"fr\">Bruno OLIVER DRUET<\/span><\/strong><\/p>\n<p class=\"tw-data-text tw-text-large XcVN5d tw-ta\" dir=\"ltr\" data-placeholder=\"Traducci\u00f3n\"><span lang=\"fr\">Directeur g\u00e9n\u00e9ral de la Fondation Transpirenaica.<\/span><\/p>\n<p class=\"tw-data-text tw-text-large XcVN5d tw-ta\" dir=\"ltr\" data-placeholder=\"Traducci\u00f3n\"><strong><span lang=\"fr\">A. Cristina GARC\u00cdA GRACIA<\/span><\/strong><\/p>\n<p class=\"tw-data-text tw-text-large XcVN5d tw-ta\" dir=\"ltr\" data-placeholder=\"Traducci\u00f3n\"><span lang=\"fr\">Responsable de l&rsquo;Espace de coop\u00e9ration transfrontali\u00e8re de la <\/span><span lang=\"fr\">Fundaci\u00f3n Transpirenaica<\/span><\/p>\n<p class=\"tw-data-text tw-text-large XcVN5d tw-ta\" dir=\"ltr\" data-placeholder=\"Traducci\u00f3n\"><span lang=\"fr\">par le Conseil d\u00e9partemental des Pyr\u00e9n\u00e9es-Atlantiques<\/span><\/p>\n<p class=\"tw-data-text tw-text-large XcVN5d tw-ta\" dir=\"ltr\" data-placeholder=\"Traducci\u00f3n\"><strong><span lang=\"fr\">Eva LAMOTHE <\/span><\/strong><\/p>\n<p class=\"tw-data-text tw-text-large XcVN5d tw-ta\" dir=\"ltr\" data-placeholder=\"Traducci\u00f3n\"><span lang=\"fr\">Cabinet-Coop\u00e9ration<\/span><\/p>\n<p class=\"tw-data-text tw-text-large XcVN5d tw-ta\" dir=\"ltr\" data-placeholder=\"Traducci\u00f3n\"><strong><span lang=\"fr\">Olivier BLANCHET <\/span><\/strong><\/p>\n<p class=\"tw-data-text tw-text-large XcVN5d tw-ta\" dir=\"ltr\" data-placeholder=\"Traducci\u00f3n\"><span lang=\"fr\">DGA. D\u00e9partement du Patrimoine et des Infrastructures du D\u00e9partement<\/span><\/p>\n<p class=\"tw-data-text tw-text-large XcVN5d tw-ta\" dir=\"ltr\" data-placeholder=\"Traducci\u00f3n\"><strong><span lang=\"fr\">Olivier GROSCLAUDE<\/span><\/strong><\/p>\n<p class=\"tw-data-text tw-text-large XcVN5d tw-ta\" dir=\"ltr\" data-placeholder=\"Traducci\u00f3n\"><span lang=\"fr\">Directeur des Territoires et du Milieu de Vie<\/span><\/p>\n<p class=\"tw-data-text tw-text-large XcVN5d tw-ta\" dir=\"ltr\" data-placeholder=\"Traducci\u00f3n\"><strong><span lang=\"fr\">Val\u00e9rie ELOIRE<\/span><\/strong><\/p>\n<p class=\"tw-data-text tw-text-large XcVN5d tw-ta\" dir=\"ltr\" data-placeholder=\"Traducci\u00f3n\"><span lang=\"fr\">Directeur du d\u00e9veloppement territorial<\/span><\/p>\n<p class=\"tw-data-text tw-text-large XcVN5d tw-ta\" dir=\"ltr\" data-placeholder=\"Traducci\u00f3n\"><strong><span lang=\"fr\">Kristen JACOB<\/span><\/strong><\/p>\n<p class=\"tw-data-text tw-text-large XcVN5d tw-ta\" dir=\"ltr\" data-placeholder=\"Traducci\u00f3n\"><span lang=\"fr\">Coop\u00e9ration transfrontali\u00e8re et \u00e9trang\u00e8re<\/span><\/p>\n<p class=\"tw-data-text tw-text-large XcVN5d tw-ta\" dir=\"ltr\" data-placeholder=\"Traducci\u00f3n\"><strong><span lang=\"fr\">Emilie de BAILLENCOURT<\/span><\/strong><\/p>\n<p class=\"tw-data-text tw-text-large XcVN5d tw-ta\" dir=\"ltr\" data-placeholder=\"Traducci\u00f3n\"><span lang=\"fr\">Projets europ\u00e9ens<\/span><\/p>\n<hr \/>\n<p class=\"tw-data-text tw-text-large XcVN5d tw-ta\" dir=\"ltr\" data-placeholder=\"Traducci\u00f3n\"><strong><span lang=\"fr\">DIRECTEUR<\/span><\/strong><\/p>\n<p class=\"tw-data-text tw-text-large XcVN5d tw-ta\" dir=\"ltr\" data-placeholder=\"Traducci\u00f3n\"><strong><span lang=\"fr\">Santiago F\u00c1BREGAS REIGOSA<\/span><\/strong><\/p>\n","protected":false},"excerpt":{"rendered":"<p>Le GECT Espace Pourtalet, organisme public dissout le 05 mai 2021, a \u00e9t\u00e9 une structure transfrontali\u00e8re active de 2011 \u00e0 2021. Ayant h\u00e9rit\u00e9 les droits et obligations de l\u2019ancienne structure, le GECT Pirineos-Pyr\u00e9n\u00e9es lui succ\u00e8de aujourd\u2019hui. Toutes les informations relatives \u00e0 la transparence figurant sur cette page se rapportent uniquement au GECT disparu Espacio Portalet. [&hellip;]<\/p>\n","protected":false},"author":4,"featured_media":0,"parent":954,"menu_order":1,"comment_status":"closed","ping_status":"closed","template":"","meta":[],"_links":{"self":[{"href":"https:\/\/espalet.devecomputer.com\/fr\/wp-json\/wp\/v2\/pages\/1169"}],"collection":[{"href":"https:\/\/espalet.devecomputer.com\/fr\/wp-json\/wp\/v2\/pages"}],"about":[{"href":"https:\/\/espalet.devecomputer.com\/fr\/wp-json\/wp\/v2\/types\/page"}],"author":[{"embeddable":true,"href":"https:\/\/espalet.devecomputer.com\/fr\/wp-json\/wp\/v2\/users\/4"}],"replies":[{"embeddable":true,"href":"https:\/\/espalet.devecomputer.com\/fr\/wp-json\/wp\/v2\/comments?post=1169"}],"version-history":[{"count":4,"href":"https:\/\/espalet.devecomputer.com\/fr\/wp-json\/wp\/v2\/pages\/1169\/revisions"}],"predecessor-version":[{"id":1481,"href":"https:\/\/espalet.devecomputer.com\/fr\/wp-json\/wp\/v2\/pages\/1169\/revisions\/1481"}],"up":[{"embeddable":true,"href":"https:\/\/espalet.devecomputer.com\/fr\/wp-json\/wp\/v2\/pages\/954"}],"wp:attachment":[{"href":"https:\/\/espalet.devecomputer.com\/fr\/wp-json\/wp\/v2\/media?parent=1169"}],"curies":[{"name":"wp","href":"https:\/\/api.w.org\/{rel}","templated":true}]}}